{"id":254098,"date":"2021-03-01T10:13:52","date_gmt":"2021-03-01T10:13:52","guid":{"rendered":"https:\/\/mhr.com.pt\/product\/tommy-2\/"},"modified":"2021-03-01T10:13:52","modified_gmt":"2021-03-01T10:13:52","slug":"tommy-2","status":"publish","type":"product","link":"https:\/\/mhr.com.pt\/es\/product\/tommy-2\/","title":{"rendered":"Tommy."},"content":{"rendered":"<p>El Espejo Tommy es el complemento perfecto para la mesa de noche, con un dise\u00f1o minimalista y un marco sencillo y elegante.<\/p>\n<p>Sus l\u00edneas limpias y discretas le confieren una est\u00e9tica refinada que se integra fluidamente en cualquier ambiente. El dise\u00f1o vers\u00e1til del espejo se adapta f\u00e1cilmente a espacios modernos o cl\u00e1sicos, a\u00f1adiendo sofisticaci\u00f3n sin sobrecargar el entorno. Con su sutil elegancia, el espejo Tommy es una adici\u00f3n atemporal a cualquier decoraci\u00f3n.<\/p>\n","protected":false},"excerpt":{"rendered":"<p>ESPEJO<\/p>\n","protected":false},"featured_media":254099,"template":"","meta":{"_et_pb_use_builder":"","_et_pb_old_content":"","_et_gb_content_width":""},"product_brand":[],"product_cat":[609,619,635],"product_tag":[],"class_list":{"0":"post-254098","1":"product","2":"type-product","3":"status-publish","4":"has-post-thumbnail","6":"product_cat-accesorios-de-dormitorio","7":"product_cat-keiko-accesorios","8":"product_cat-tommy-accesorios","10":"first","11":"instock","12":"virtual","13":"product-type-simple"},"_links":{"self":[{"href":"https:\/\/mhr.com.pt\/es\/wp-json\/wp\/v2\/product\/254098","targetHints":{"allow":["GET"]}}],"collection":[{"href":"https:\/\/mhr.com.pt\/es\/wp-json\/wp\/v2\/product"}],"about":[{"href":"https:\/\/mhr.com.pt\/es\/wp-json\/wp\/v2\/types\/product"}],"wp:featuredmedia":[{"embeddable":true,"href":"https:\/\/mhr.com.pt\/es\/wp-json\/wp\/v2\/media\/254099"}],"wp:attachment":[{"href":"https:\/\/mhr.com.pt\/es\/wp-json\/wp\/v2\/media?parent=254098"}],"wp:term":[{"taxonomy":"product_brand","embeddable":true,"href":"https:\/\/mhr.com.pt\/es\/wp-json\/wp\/v2\/product_brand?post=254098"},{"taxonomy":"product_cat","embeddable":true,"href":"https:\/\/mhr.com.pt\/es\/wp-json\/wp\/v2\/product_cat?post=254098"},{"taxonomy":"product_tag","embeddable":true,"href":"https:\/\/mhr.com.pt\/es\/wp-json\/wp\/v2\/product_tag?post=254098"}],"curies":[{"name":"wp","href":"https:\/\/api.w.org\/{rel}","templated":true}]}}