{"id":254138,"date":"2022-06-14T16:10:49","date_gmt":"2022-06-14T16:10:49","guid":{"rendered":"https:\/\/mhr.com.pt\/product\/bull\/"},"modified":"2026-01-05T15:43:54","modified_gmt":"2026-01-05T15:43:54","slug":"bull","status":"publish","type":"product","link":"https:\/\/mhr.com.pt\/es\/product\/bull\/","title":{"rendered":"Bull."},"content":{"rendered":"<p>El sistema de sof\u00e1 modular Bull combina l\u00edneas elegantes con un perfil de brazo estilizado, donde la inclinaci\u00f3n se acent\u00faa gracias a las diferentes alturas de las patas y a la l\u00ednea que se encuentra con el respaldo del sof\u00e1. Las patas, con alturas diferenciadas, realzan la posici\u00f3n de relax, complementadas de manera perfecta por un doble coj\u00edn de respaldo.<\/p>\n<p>La modularidad de Bull permite configurarlo para adaptarse a cualquier espacio, convirti\u00e9ndolo en la elecci\u00f3n ideal para quienes buscan una combinaci\u00f3n de sofisticaci\u00f3n y confort.<\/p>\n","protected":false},"excerpt":{"rendered":"<p>SISTEMAS DE SOF\u00c1S MODULARES<\/p>\n","protected":false},"featured_media":254147,"template":"","meta":{"_et_pb_use_builder":"","_et_pb_old_content":"","_et_gb_content_width":""},"product_brand":[],"product_cat":[637,638],"product_tag":[],"class_list":{"0":"post-254138","1":"product","2":"type-product","3":"status-publish","4":"has-post-thumbnail","6":"product_cat-ambientes-de-sofas","7":"product_cat-sofas","9":"first","10":"instock","11":"virtual","12":"product-type-simple"},"_links":{"self":[{"href":"https:\/\/mhr.com.pt\/es\/wp-json\/wp\/v2\/product\/254138","targetHints":{"allow":["GET"]}}],"collection":[{"href":"https:\/\/mhr.com.pt\/es\/wp-json\/wp\/v2\/product"}],"about":[{"href":"https:\/\/mhr.com.pt\/es\/wp-json\/wp\/v2\/types\/product"}],"wp:featuredmedia":[{"embeddable":true,"href":"https:\/\/mhr.com.pt\/es\/wp-json\/wp\/v2\/media\/254147"}],"wp:attachment":[{"href":"https:\/\/mhr.com.pt\/es\/wp-json\/wp\/v2\/media?parent=254138"}],"wp:term":[{"taxonomy":"product_brand","embeddable":true,"href":"https:\/\/mhr.com.pt\/es\/wp-json\/wp\/v2\/product_brand?post=254138"},{"taxonomy":"product_cat","embeddable":true,"href":"https:\/\/mhr.com.pt\/es\/wp-json\/wp\/v2\/product_cat?post=254138"},{"taxonomy":"product_tag","embeddable":true,"href":"https:\/\/mhr.com.pt\/es\/wp-json\/wp\/v2\/product_tag?post=254138"}],"curies":[{"name":"wp","href":"https:\/\/api.w.org\/{rel}","templated":true}]}}