{"id":254151,"date":"2022-06-14T16:12:55","date_gmt":"2022-06-14T16:12:55","guid":{"rendered":"https:\/\/mhr.com.pt\/product\/cole\/"},"modified":"2026-01-05T16:27:40","modified_gmt":"2026-01-05T16:27:40","slug":"cole","status":"publish","type":"product","link":"https:\/\/mhr.com.pt\/es\/product\/cole\/","title":{"rendered":"Cole."},"content":{"rendered":"<p>El sistema de sof\u00e1 modular Cole presenta una base y unas patas muy marcadas, transmitiendo una estructura s\u00f3lida en contraste con el cuerpo suave y voluminoso del sof\u00e1. El capiton\u00e9 en el respaldo y en los brazos acent\u00faa su aspecto redondeado, convirti\u00e9ndolo en una pieza central ideal para cualquier espacio.<\/p>\n<p>Los cojines de respaldo sueltos permiten un confort personalizable, mientras que el dise\u00f1o modular garantiza un encaje perfecto en cualquier ambiente, combinando un dise\u00f1o robusto con una sensaci\u00f3n acogedora.<\/p>\n","protected":false},"excerpt":{"rendered":"<p>SISTEMAS DE SOF\u00c1S MODULARES<\/p>\n","protected":false},"featured_media":254159,"template":"","meta":{"_et_pb_use_builder":"","_et_pb_old_content":"","_et_gb_content_width":""},"product_brand":[],"product_cat":[637,638],"product_tag":[],"class_list":{"0":"post-254151","1":"product","2":"type-product","3":"status-publish","4":"has-post-thumbnail","6":"product_cat-ambientes-de-sofas","7":"product_cat-sofas","9":"first","10":"instock","11":"virtual","12":"product-type-simple"},"_links":{"self":[{"href":"https:\/\/mhr.com.pt\/es\/wp-json\/wp\/v2\/product\/254151","targetHints":{"allow":["GET"]}}],"collection":[{"href":"https:\/\/mhr.com.pt\/es\/wp-json\/wp\/v2\/product"}],"about":[{"href":"https:\/\/mhr.com.pt\/es\/wp-json\/wp\/v2\/types\/product"}],"wp:featuredmedia":[{"embeddable":true,"href":"https:\/\/mhr.com.pt\/es\/wp-json\/wp\/v2\/media\/254159"}],"wp:attachment":[{"href":"https:\/\/mhr.com.pt\/es\/wp-json\/wp\/v2\/media?parent=254151"}],"wp:term":[{"taxonomy":"product_brand","embeddable":true,"href":"https:\/\/mhr.com.pt\/es\/wp-json\/wp\/v2\/product_brand?post=254151"},{"taxonomy":"product_cat","embeddable":true,"href":"https:\/\/mhr.com.pt\/es\/wp-json\/wp\/v2\/product_cat?post=254151"},{"taxonomy":"product_tag","embeddable":true,"href":"https:\/\/mhr.com.pt\/es\/wp-json\/wp\/v2\/product_tag?post=254151"}],"curies":[{"name":"wp","href":"https:\/\/api.w.org\/{rel}","templated":true}]}}