{"id":254163,"date":"2022-06-14T16:14:21","date_gmt":"2022-06-14T16:14:21","guid":{"rendered":"https:\/\/mhr.com.pt\/product\/dylan\/"},"modified":"2026-01-05T16:41:06","modified_gmt":"2026-01-05T16:41:06","slug":"dylan","status":"publish","type":"product","link":"https:\/\/mhr.com.pt\/es\/product\/dylan\/","title":{"rendered":"Dylan."},"content":{"rendered":"<p>El sistema de sof\u00e1 modular Dylan combina un dise\u00f1o moderno con un confort excepcional. Su brazo bajo, pero ancho, es una caracter\u00edstica destacada, complementada por una base rectangular distintiva que sigue \u00fanicamente el brazo del sof\u00e1. El respaldo est\u00e1 cuidadosamente inclinado para mejorar el confort, convirti\u00e9ndolo en un lugar perfecto para relajarse.<\/p>\n<p>Dylan tambi\u00e9n ofrece una versatilidad pr\u00e1ctica con un m\u00f3dulo chaise que incluye una mesa de apoyo integrada, as\u00ed como un m\u00f3dulo adicional de mesa de apoyo. Su modularidad garantiza un encaje perfecto en cualquier espacio, proporcionando estilo y funcionalidad por igual.<\/p>\n","protected":false},"excerpt":{"rendered":"<p>SISTEMAS DE SOF\u00c1S MODULARES<\/p>\n","protected":false},"featured_media":254169,"template":"","meta":{"_et_pb_use_builder":"","_et_pb_old_content":"","_et_gb_content_width":""},"product_brand":[],"product_cat":[637,638],"product_tag":[],"class_list":{"0":"post-254163","1":"product","2":"type-product","3":"status-publish","4":"has-post-thumbnail","6":"product_cat-ambientes-de-sofas","7":"product_cat-sofas","9":"first","10":"instock","11":"virtual","12":"product-type-simple"},"_links":{"self":[{"href":"https:\/\/mhr.com.pt\/es\/wp-json\/wp\/v2\/product\/254163","targetHints":{"allow":["GET"]}}],"collection":[{"href":"https:\/\/mhr.com.pt\/es\/wp-json\/wp\/v2\/product"}],"about":[{"href":"https:\/\/mhr.com.pt\/es\/wp-json\/wp\/v2\/types\/product"}],"wp:featuredmedia":[{"embeddable":true,"href":"https:\/\/mhr.com.pt\/es\/wp-json\/wp\/v2\/media\/254169"}],"wp:attachment":[{"href":"https:\/\/mhr.com.pt\/es\/wp-json\/wp\/v2\/media?parent=254163"}],"wp:term":[{"taxonomy":"product_brand","embeddable":true,"href":"https:\/\/mhr.com.pt\/es\/wp-json\/wp\/v2\/product_brand?post=254163"},{"taxonomy":"product_cat","embeddable":true,"href":"https:\/\/mhr.com.pt\/es\/wp-json\/wp\/v2\/product_cat?post=254163"},{"taxonomy":"product_tag","embeddable":true,"href":"https:\/\/mhr.com.pt\/es\/wp-json\/wp\/v2\/product_tag?post=254163"}],"curies":[{"name":"wp","href":"https:\/\/api.w.org\/{rel}","templated":true}]}}