{"id":254213,"date":"2022-06-14T16:20:23","date_gmt":"2022-06-14T16:20:23","guid":{"rendered":"https:\/\/mhr.com.pt\/product\/siena\/"},"modified":"2026-01-05T17:23:48","modified_gmt":"2026-01-05T17:23:48","slug":"siena","status":"publish","type":"product","link":"https:\/\/mhr.com.pt\/es\/product\/siena\/","title":{"rendered":"Siena."},"content":{"rendered":"<p>El sistema de sof\u00e1 modular Siena cuenta con patas modernas, elegantes y de dise\u00f1o delgado, que destacan cuando se observan de lado. El sof\u00e1 est\u00e1 dise\u00f1ado para un m\u00e1ximo soporte lumbar con un doble coj\u00edn de respaldo, y los cojines del respaldo reposan sobre la estructura del sof\u00e1, ofreciendo una experiencia de asiento m\u00e1s profunda y c\u00f3moda.<\/p>\n<p>El respaldo reclinable mejora a\u00fan m\u00e1s el confort, convirtiendo a Siena en una combinaci\u00f3n perfecta de estilo y ergonom\u00eda, adaptada para cualquier espacio.<\/p>\n","protected":false},"excerpt":{"rendered":"<p>SISTEMAS DE SOF\u00c1S MODULARES<\/p>\n","protected":false},"featured_media":254220,"template":"","meta":{"_et_pb_use_builder":"","_et_pb_old_content":"","_et_gb_content_width":""},"product_brand":[],"product_cat":[637,638],"product_tag":[],"class_list":{"0":"post-254213","1":"product","2":"type-product","3":"status-publish","4":"has-post-thumbnail","6":"product_cat-ambientes-de-sofas","7":"product_cat-sofas","9":"first","10":"instock","11":"virtual","12":"product-type-simple"},"_links":{"self":[{"href":"https:\/\/mhr.com.pt\/es\/wp-json\/wp\/v2\/product\/254213","targetHints":{"allow":["GET"]}}],"collection":[{"href":"https:\/\/mhr.com.pt\/es\/wp-json\/wp\/v2\/product"}],"about":[{"href":"https:\/\/mhr.com.pt\/es\/wp-json\/wp\/v2\/types\/product"}],"wp:featuredmedia":[{"embeddable":true,"href":"https:\/\/mhr.com.pt\/es\/wp-json\/wp\/v2\/media\/254220"}],"wp:attachment":[{"href":"https:\/\/mhr.com.pt\/es\/wp-json\/wp\/v2\/media?parent=254213"}],"wp:term":[{"taxonomy":"product_brand","embeddable":true,"href":"https:\/\/mhr.com.pt\/es\/wp-json\/wp\/v2\/product_brand?post=254213"},{"taxonomy":"product_cat","embeddable":true,"href":"https:\/\/mhr.com.pt\/es\/wp-json\/wp\/v2\/product_cat?post=254213"},{"taxonomy":"product_tag","embeddable":true,"href":"https:\/\/mhr.com.pt\/es\/wp-json\/wp\/v2\/product_tag?post=254213"}],"curies":[{"name":"wp","href":"https:\/\/api.w.org\/{rel}","templated":true}]}}