{"id":254234,"date":"2020-10-14T15:32:08","date_gmt":"2020-10-14T15:32:08","guid":{"rendered":"https:\/\/mhr.com.pt\/product\/ralph\/"},"modified":"2026-01-05T17:11:28","modified_gmt":"2026-01-05T17:11:28","slug":"ralph","status":"publish","type":"product","link":"https:\/\/mhr.com.pt\/es\/product\/ralph\/","title":{"rendered":"Ralph."},"content":{"rendered":"<p>El sistema de sof\u00e1 modular Ralph ha sido dise\u00f1ado para ofrecer una diversidad din\u00e1mica dentro de un mismo modelo, combinando de manera armoniosa cojines lisos y capiton\u00e9. Este enfoque de dise\u00f1o crea un espacio equilibrado sin interrumpir la continuidad de las l\u00edneas del sof\u00e1. Ralph destaca por su base alta, que puede estar realizada en metal o madera, aportando un toque de sofisticaci\u00f3n a cualquier ambiente.<\/p>\n<p>Su modularidad asegura que Ralph se adapte perfectamente a cualquier espacio de vida, ofreciendo tanto versatilidad como una est\u00e9tica de dise\u00f1o coherente.<\/p>\n","protected":false},"excerpt":{"rendered":"<p>SISTEMAS DE SOF\u00c1S MODULARES<\/p>\n","protected":false},"featured_media":254236,"template":"","meta":{"_et_pb_use_builder":"off","_et_pb_old_content":"","_et_gb_content_width":""},"product_brand":[],"product_cat":[637,638],"product_tag":[],"class_list":{"0":"post-254234","1":"product","2":"type-product","3":"status-publish","4":"has-post-thumbnail","6":"product_cat-ambientes-de-sofas","7":"product_cat-sofas","9":"first","10":"instock","11":"virtual","12":"product-type-simple"},"_links":{"self":[{"href":"https:\/\/mhr.com.pt\/es\/wp-json\/wp\/v2\/product\/254234","targetHints":{"allow":["GET"]}}],"collection":[{"href":"https:\/\/mhr.com.pt\/es\/wp-json\/wp\/v2\/product"}],"about":[{"href":"https:\/\/mhr.com.pt\/es\/wp-json\/wp\/v2\/types\/product"}],"wp:featuredmedia":[{"embeddable":true,"href":"https:\/\/mhr.com.pt\/es\/wp-json\/wp\/v2\/media\/254236"}],"wp:attachment":[{"href":"https:\/\/mhr.com.pt\/es\/wp-json\/wp\/v2\/media?parent=254234"}],"wp:term":[{"taxonomy":"product_brand","embeddable":true,"href":"https:\/\/mhr.com.pt\/es\/wp-json\/wp\/v2\/product_brand?post=254234"},{"taxonomy":"product_cat","embeddable":true,"href":"https:\/\/mhr.com.pt\/es\/wp-json\/wp\/v2\/product_cat?post=254234"},{"taxonomy":"product_tag","embeddable":true,"href":"https:\/\/mhr.com.pt\/es\/wp-json\/wp\/v2\/product_tag?post=254234"}],"curies":[{"name":"wp","href":"https:\/\/api.w.org\/{rel}","templated":true}]}}