{"id":254278,"date":"2021-02-24T18:09:15","date_gmt":"2021-02-24T18:09:15","guid":{"rendered":"https:\/\/mhr.com.pt\/product\/bastille\/"},"modified":"2026-01-05T15:38:28","modified_gmt":"2026-01-05T15:38:28","slug":"bastille","status":"publish","type":"product","link":"https:\/\/mhr.com.pt\/es\/product\/bastille\/","title":{"rendered":"Bastille."},"content":{"rendered":"<p>El sistema de sof\u00e1 modular Bastille combina elementos cl\u00e1sicos y modernos, con un fuerte enfoque en el confort. Su dise\u00f1o presenta un respaldo sencillo combinado con asientos deslizantes, ofreciendo una experiencia de asiento acogedora y adaptable. Las l\u00edneas limpias del sof\u00e1 se complementan con un brazo m\u00e1s elaborado, logrando el equilibrio perfecto entre elegancia y funcionalidad.<\/p>\n<p>La modularidad de Bastille permite que se integre perfectamente en cualquier espacio de vida, ofreciendo una combinaci\u00f3n de estilo atemporal y confort moderno.<\/p>\n","protected":false},"excerpt":{"rendered":"<p>SISTEMAS DE SOF\u00c1S MODULARES<\/p>\n","protected":false},"featured_media":254280,"template":"","meta":{"_et_pb_use_builder":"","_et_pb_old_content":"","_et_gb_content_width":""},"product_brand":[],"product_cat":[637,638],"product_tag":[],"class_list":{"0":"post-254278","1":"product","2":"type-product","3":"status-publish","4":"has-post-thumbnail","6":"product_cat-ambientes-de-sofas","7":"product_cat-sofas","9":"first","10":"instock","11":"virtual","12":"product-type-simple"},"_links":{"self":[{"href":"https:\/\/mhr.com.pt\/es\/wp-json\/wp\/v2\/product\/254278","targetHints":{"allow":["GET"]}}],"collection":[{"href":"https:\/\/mhr.com.pt\/es\/wp-json\/wp\/v2\/product"}],"about":[{"href":"https:\/\/mhr.com.pt\/es\/wp-json\/wp\/v2\/types\/product"}],"wp:featuredmedia":[{"embeddable":true,"href":"https:\/\/mhr.com.pt\/es\/wp-json\/wp\/v2\/media\/254280"}],"wp:attachment":[{"href":"https:\/\/mhr.com.pt\/es\/wp-json\/wp\/v2\/media?parent=254278"}],"wp:term":[{"taxonomy":"product_brand","embeddable":true,"href":"https:\/\/mhr.com.pt\/es\/wp-json\/wp\/v2\/product_brand?post=254278"},{"taxonomy":"product_cat","embeddable":true,"href":"https:\/\/mhr.com.pt\/es\/wp-json\/wp\/v2\/product_cat?post=254278"},{"taxonomy":"product_tag","embeddable":true,"href":"https:\/\/mhr.com.pt\/es\/wp-json\/wp\/v2\/product_tag?post=254278"}],"curies":[{"name":"wp","href":"https:\/\/api.w.org\/{rel}","templated":true}]}}