{"id":254290,"date":"2021-02-24T18:07:06","date_gmt":"2021-02-24T18:07:06","guid":{"rendered":"https:\/\/mhr.com.pt\/product\/chic\/"},"modified":"2026-01-05T16:24:56","modified_gmt":"2026-01-05T16:24:56","slug":"chic","status":"publish","type":"product","link":"https:\/\/mhr.com.pt\/es\/product\/chic\/","title":{"rendered":"Chic."},"content":{"rendered":"<p>El sof\u00e1 Chic encarna la esencia del dise\u00f1o cl\u00e1sico, integrando caracter\u00edsticas tradicionales en un contexto moderno. Con sus l\u00edneas rectas, detalles de vivos y acabados capiton\u00e9, Chic se adapta perfectamente a espacios que van desde lo contempor\u00e1neo hasta lo cl\u00e1sico. El atractivo atemporal de este sof\u00e1 lo convierte en una adici\u00f3n vers\u00e1til a cualquier estancia.<\/p>\n<p>El dise\u00f1o de Chic llena elegantemente la brecha entre lo antiguo y lo nuevo, siendo una opci\u00f3n elegante para quienes valoran tanto la est\u00e9tica moderna como la tradicional.<\/p>\n","protected":false},"excerpt":{"rendered":"<p>SOF\u00c1<\/p>\n","protected":false},"featured_media":254294,"template":"","meta":{"_et_pb_use_builder":"","_et_pb_old_content":"","_et_gb_content_width":""},"product_brand":[],"product_cat":[637,638],"product_tag":[],"class_list":{"0":"post-254290","1":"product","2":"type-product","3":"status-publish","4":"has-post-thumbnail","6":"product_cat-ambientes-de-sofas","7":"product_cat-sofas","9":"first","10":"instock","11":"virtual","12":"product-type-simple"},"_links":{"self":[{"href":"https:\/\/mhr.com.pt\/es\/wp-json\/wp\/v2\/product\/254290","targetHints":{"allow":["GET"]}}],"collection":[{"href":"https:\/\/mhr.com.pt\/es\/wp-json\/wp\/v2\/product"}],"about":[{"href":"https:\/\/mhr.com.pt\/es\/wp-json\/wp\/v2\/types\/product"}],"wp:featuredmedia":[{"embeddable":true,"href":"https:\/\/mhr.com.pt\/es\/wp-json\/wp\/v2\/media\/254294"}],"wp:attachment":[{"href":"https:\/\/mhr.com.pt\/es\/wp-json\/wp\/v2\/media?parent=254290"}],"wp:term":[{"taxonomy":"product_brand","embeddable":true,"href":"https:\/\/mhr.com.pt\/es\/wp-json\/wp\/v2\/product_brand?post=254290"},{"taxonomy":"product_cat","embeddable":true,"href":"https:\/\/mhr.com.pt\/es\/wp-json\/wp\/v2\/product_cat?post=254290"},{"taxonomy":"product_tag","embeddable":true,"href":"https:\/\/mhr.com.pt\/es\/wp-json\/wp\/v2\/product_tag?post=254290"}],"curies":[{"name":"wp","href":"https:\/\/api.w.org\/{rel}","templated":true}]}}