{"id":254297,"date":"2021-02-24T18:07:43","date_gmt":"2021-02-24T18:07:43","guid":{"rendered":"https:\/\/mhr.com.pt\/product\/enigma\/"},"modified":"2026-01-05T16:46:05","modified_gmt":"2026-01-05T16:46:05","slug":"enigma","status":"publish","type":"product","link":"https:\/\/mhr.com.pt\/es\/product\/enigma\/","title":{"rendered":"Enigma."},"content":{"rendered":"<p>El sistema de sof\u00e1 modular Enigma ha sido concebido pensando en la versatilidad, transform\u00e1ndose f\u00e1cilmente de sof\u00e1 a cama. Sus capiton\u00e9s llamativos se combinan con l\u00edneas rectas, convirti\u00e9ndolo en una pieza destacada en cualquier espacio de vida. La doble funcionalidad de Enigma lo hace ideal para quienes buscan estilo y practicidad en un solo mueble.<\/p>\n<p>Con su dise\u00f1o modular, Enigma puede adaptarse a cualquier espacio, ofreciendo tanto confort como adaptabilidad.<\/p>\n","protected":false},"excerpt":{"rendered":"<p>SISTEMAS DE SOF\u00c1S MODULARES<\/p>\n","protected":false},"featured_media":254301,"template":"","meta":{"_et_pb_use_builder":"","_et_pb_old_content":"","_et_gb_content_width":""},"product_brand":[],"product_cat":[637,638],"product_tag":[],"class_list":{"0":"post-254297","1":"product","2":"type-product","3":"status-publish","4":"has-post-thumbnail","6":"product_cat-ambientes-de-sofas","7":"product_cat-sofas","9":"first","10":"instock","11":"virtual","12":"product-type-simple"},"_links":{"self":[{"href":"https:\/\/mhr.com.pt\/es\/wp-json\/wp\/v2\/product\/254297","targetHints":{"allow":["GET"]}}],"collection":[{"href":"https:\/\/mhr.com.pt\/es\/wp-json\/wp\/v2\/product"}],"about":[{"href":"https:\/\/mhr.com.pt\/es\/wp-json\/wp\/v2\/types\/product"}],"wp:featuredmedia":[{"embeddable":true,"href":"https:\/\/mhr.com.pt\/es\/wp-json\/wp\/v2\/media\/254301"}],"wp:attachment":[{"href":"https:\/\/mhr.com.pt\/es\/wp-json\/wp\/v2\/media?parent=254297"}],"wp:term":[{"taxonomy":"product_brand","embeddable":true,"href":"https:\/\/mhr.com.pt\/es\/wp-json\/wp\/v2\/product_brand?post=254297"},{"taxonomy":"product_cat","embeddable":true,"href":"https:\/\/mhr.com.pt\/es\/wp-json\/wp\/v2\/product_cat?post=254297"},{"taxonomy":"product_tag","embeddable":true,"href":"https:\/\/mhr.com.pt\/es\/wp-json\/wp\/v2\/product_tag?post=254297"}],"curies":[{"name":"wp","href":"https:\/\/api.w.org\/{rel}","templated":true}]}}