{"id":254310,"date":"2021-02-24T18:05:40","date_gmt":"2021-02-24T18:05:40","guid":{"rendered":"https:\/\/mhr.com.pt\/product\/gaudi\/"},"modified":"2026-01-05T16:48:50","modified_gmt":"2026-01-05T16:48:50","slug":"gaudi","status":"publish","type":"product","link":"https:\/\/mhr.com.pt\/es\/product\/gaudi\/","title":{"rendered":"Gaudi."},"content":{"rendered":"<p>El sof\u00e1 Gaudi es una pieza imponente, con l\u00edneas redondeadas y un aspecto voluminoso y lujoso. Su dise\u00f1o impresionante lo convierte en el punto focal de cualquier sala, captando la atenci\u00f3n con su gran presencia.<\/p>\n<p>Gaudi es perfecto para quienes desean una pieza destacada que irradie tanto confort como opulencia, convirti\u00e9ndose en el centro de atenci\u00f3n en cualquier entorno.<\/p>\n","protected":false},"excerpt":{"rendered":"<p>SOF\u00c1<\/p>\n","protected":false},"featured_media":254311,"template":"","meta":{"_et_pb_use_builder":"off","_et_pb_old_content":"","_et_gb_content_width":""},"product_brand":[],"product_cat":[637,638],"product_tag":[],"class_list":{"0":"post-254310","1":"product","2":"type-product","3":"status-publish","4":"has-post-thumbnail","6":"product_cat-ambientes-de-sofas","7":"product_cat-sofas","9":"first","10":"instock","11":"virtual","12":"product-type-simple"},"_links":{"self":[{"href":"https:\/\/mhr.com.pt\/es\/wp-json\/wp\/v2\/product\/254310","targetHints":{"allow":["GET"]}}],"collection":[{"href":"https:\/\/mhr.com.pt\/es\/wp-json\/wp\/v2\/product"}],"about":[{"href":"https:\/\/mhr.com.pt\/es\/wp-json\/wp\/v2\/types\/product"}],"wp:featuredmedia":[{"embeddable":true,"href":"https:\/\/mhr.com.pt\/es\/wp-json\/wp\/v2\/media\/254311"}],"wp:attachment":[{"href":"https:\/\/mhr.com.pt\/es\/wp-json\/wp\/v2\/media?parent=254310"}],"wp:term":[{"taxonomy":"product_brand","embeddable":true,"href":"https:\/\/mhr.com.pt\/es\/wp-json\/wp\/v2\/product_brand?post=254310"},{"taxonomy":"product_cat","embeddable":true,"href":"https:\/\/mhr.com.pt\/es\/wp-json\/wp\/v2\/product_cat?post=254310"},{"taxonomy":"product_tag","embeddable":true,"href":"https:\/\/mhr.com.pt\/es\/wp-json\/wp\/v2\/product_tag?post=254310"}],"curies":[{"name":"wp","href":"https:\/\/api.w.org\/{rel}","templated":true}]}}