{"id":254322,"date":"2021-02-24T18:04:54","date_gmt":"2021-02-24T18:04:54","guid":{"rendered":"https:\/\/mhr.com.pt\/product\/kobe\/"},"modified":"2026-01-05T16:51:44","modified_gmt":"2026-01-05T16:51:44","slug":"kobe","status":"publish","type":"product","link":"https:\/\/mhr.com.pt\/es\/product\/kobe\/","title":{"rendered":"Kobe."},"content":{"rendered":"<p>El sistema de sof\u00e1 modular Kobe presenta un perfil minimalista, desde su estructura hasta el brazo. El brazo est\u00e1 acompa\u00f1ado por un gran coj\u00edn que aumenta la comodidad, mientras que un coj\u00edn alto se asienta sobre la estructura delgada, proporcionando un contraste llamativo y un confort superior. Las patas altas y prominentes suman a la est\u00e9tica refinada y moderna del sof\u00e1.<\/p>\n<p>La modularidad del Kobe permite configurarlo para adaptarse a cualquier espacio, ofreciendo una combinaci\u00f3n de dise\u00f1o minimalista y confort excepcional.<\/p>\n","protected":false},"excerpt":{"rendered":"<p>SISTEMAS DE SOF\u00c1S MODULARES<\/p>\n","protected":false},"featured_media":254327,"template":"","meta":{"_et_pb_use_builder":"","_et_pb_old_content":"","_et_gb_content_width":""},"product_brand":[],"product_cat":[637,638],"product_tag":[],"class_list":{"0":"post-254322","1":"product","2":"type-product","3":"status-publish","4":"has-post-thumbnail","6":"product_cat-ambientes-de-sofas","7":"product_cat-sofas","9":"first","10":"instock","11":"virtual","12":"product-type-simple"},"_links":{"self":[{"href":"https:\/\/mhr.com.pt\/es\/wp-json\/wp\/v2\/product\/254322","targetHints":{"allow":["GET"]}}],"collection":[{"href":"https:\/\/mhr.com.pt\/es\/wp-json\/wp\/v2\/product"}],"about":[{"href":"https:\/\/mhr.com.pt\/es\/wp-json\/wp\/v2\/types\/product"}],"wp:featuredmedia":[{"embeddable":true,"href":"https:\/\/mhr.com.pt\/es\/wp-json\/wp\/v2\/media\/254327"}],"wp:attachment":[{"href":"https:\/\/mhr.com.pt\/es\/wp-json\/wp\/v2\/media?parent=254322"}],"wp:term":[{"taxonomy":"product_brand","embeddable":true,"href":"https:\/\/mhr.com.pt\/es\/wp-json\/wp\/v2\/product_brand?post=254322"},{"taxonomy":"product_cat","embeddable":true,"href":"https:\/\/mhr.com.pt\/es\/wp-json\/wp\/v2\/product_cat?post=254322"},{"taxonomy":"product_tag","embeddable":true,"href":"https:\/\/mhr.com.pt\/es\/wp-json\/wp\/v2\/product_tag?post=254322"}],"curies":[{"name":"wp","href":"https:\/\/api.w.org\/{rel}","templated":true}]}}