{"id":254333,"date":"2021-02-24T18:06:25","date_gmt":"2021-02-24T18:06:25","guid":{"rendered":"https:\/\/mhr.com.pt\/product\/link\/"},"modified":"2026-01-05T16:54:58","modified_gmt":"2026-01-05T16:54:58","slug":"link","status":"publish","type":"product","link":"https:\/\/mhr.com.pt\/es\/product\/link\/","title":{"rendered":"Link."},"content":{"rendered":"<p>El sistema de sof\u00e1 modular Link se caracteriza por su respaldo individualizado, que presenta una curva elegante que imita la curvatura natural de la columna lumbar. La estructura y el asiento se extienden m\u00e1s all\u00e1 del respaldo, ofreciendo una vista privilegiada de su dise\u00f1o. Con sus patas altas y elegantes, Link se destaca como un modelo completamente diferente al resto.<\/p>\n<p>El dise\u00f1o modular de Link permite posibilidades infinitas, convirti\u00e9ndolo en el encaje perfecto para cualquier espacio de vida moderno.<\/p>\n","protected":false},"excerpt":{"rendered":"<p>SISTEMAS DE SOF\u00c1S MODULARES<\/p>\n","protected":false},"featured_media":254341,"template":"","meta":{"_et_pb_use_builder":"","_et_pb_old_content":"","_et_gb_content_width":""},"product_brand":[],"product_cat":[637,638],"product_tag":[],"class_list":{"0":"post-254333","1":"product","2":"type-product","3":"status-publish","4":"has-post-thumbnail","6":"product_cat-ambientes-de-sofas","7":"product_cat-sofas","9":"first","10":"instock","11":"virtual","12":"product-type-simple"},"_links":{"self":[{"href":"https:\/\/mhr.com.pt\/es\/wp-json\/wp\/v2\/product\/254333","targetHints":{"allow":["GET"]}}],"collection":[{"href":"https:\/\/mhr.com.pt\/es\/wp-json\/wp\/v2\/product"}],"about":[{"href":"https:\/\/mhr.com.pt\/es\/wp-json\/wp\/v2\/types\/product"}],"wp:featuredmedia":[{"embeddable":true,"href":"https:\/\/mhr.com.pt\/es\/wp-json\/wp\/v2\/media\/254341"}],"wp:attachment":[{"href":"https:\/\/mhr.com.pt\/es\/wp-json\/wp\/v2\/media?parent=254333"}],"wp:term":[{"taxonomy":"product_brand","embeddable":true,"href":"https:\/\/mhr.com.pt\/es\/wp-json\/wp\/v2\/product_brand?post=254333"},{"taxonomy":"product_cat","embeddable":true,"href":"https:\/\/mhr.com.pt\/es\/wp-json\/wp\/v2\/product_cat?post=254333"},{"taxonomy":"product_tag","embeddable":true,"href":"https:\/\/mhr.com.pt\/es\/wp-json\/wp\/v2\/product_tag?post=254333"}],"curies":[{"name":"wp","href":"https:\/\/api.w.org\/{rel}","templated":true}]}}