{"id":254346,"date":"2021-02-24T18:08:20","date_gmt":"2021-02-24T18:08:20","guid":{"rendered":"https:\/\/mhr.com.pt\/product\/miles\/"},"modified":"2026-01-05T17:07:14","modified_gmt":"2026-01-05T17:07:14","slug":"miles","status":"publish","type":"product","link":"https:\/\/mhr.com.pt\/es\/product\/miles\/","title":{"rendered":"Miles."},"content":{"rendered":"<p>El sof\u00e1 Miles es un love seat acolchado que reinterpreta un dise\u00f1o cl\u00e1sico para gustos modernos. Sus capiton\u00e9s voluminosos y repetitivos convierten a este sof\u00e1 en la estrella de cualquier escenario rom\u00e1ntico, convirti\u00e9ndolo en una pieza destacada que llama la atenci\u00f3n. Miles es perfecto para quienes aprecian una combinaci\u00f3n de encanto tradicional y estilo contempor\u00e1neo.<\/p>\n","protected":false},"excerpt":{"rendered":"<p>SOF\u00c1<\/p>\n","protected":false},"featured_media":254351,"template":"","meta":{"_et_pb_use_builder":"","_et_pb_old_content":"","_et_gb_content_width":""},"product_brand":[],"product_cat":[637,638],"product_tag":[],"class_list":{"0":"post-254346","1":"product","2":"type-product","3":"status-publish","4":"has-post-thumbnail","6":"product_cat-ambientes-de-sofas","7":"product_cat-sofas","9":"first","10":"instock","11":"virtual","12":"product-type-simple"},"_links":{"self":[{"href":"https:\/\/mhr.com.pt\/es\/wp-json\/wp\/v2\/product\/254346","targetHints":{"allow":["GET"]}}],"collection":[{"href":"https:\/\/mhr.com.pt\/es\/wp-json\/wp\/v2\/product"}],"about":[{"href":"https:\/\/mhr.com.pt\/es\/wp-json\/wp\/v2\/types\/product"}],"wp:featuredmedia":[{"embeddable":true,"href":"https:\/\/mhr.com.pt\/es\/wp-json\/wp\/v2\/media\/254351"}],"wp:attachment":[{"href":"https:\/\/mhr.com.pt\/es\/wp-json\/wp\/v2\/media?parent=254346"}],"wp:term":[{"taxonomy":"product_brand","embeddable":true,"href":"https:\/\/mhr.com.pt\/es\/wp-json\/wp\/v2\/product_brand?post=254346"},{"taxonomy":"product_cat","embeddable":true,"href":"https:\/\/mhr.com.pt\/es\/wp-json\/wp\/v2\/product_cat?post=254346"},{"taxonomy":"product_tag","embeddable":true,"href":"https:\/\/mhr.com.pt\/es\/wp-json\/wp\/v2\/product_tag?post=254346"}],"curies":[{"name":"wp","href":"https:\/\/api.w.org\/{rel}","templated":true}]}}