{"id":254370,"date":"2025-03-24T10:25:37","date_gmt":"2025-03-24T10:25:37","guid":{"rendered":"https:\/\/mhr.com.pt\/product\/adams\/"},"modified":"2025-03-24T10:25:37","modified_gmt":"2025-03-24T10:25:37","slug":"adams","status":"publish","type":"product","link":"https:\/\/mhr.com.pt\/es\/product\/adams\/","title":{"rendered":"Adams."},"content":{"rendered":"<p>La mesa de comedor redonda Adams es una pieza s\u00f3lida y robusta que logra un equilibrio perfecto con su base semicircular acanalada, complementando la forma redonda de la mesa. La otra mitad de la base rompe esta circularidad con l\u00edneas perpendiculares, a\u00f1adiendo un contraste \u00fanico al dise\u00f1o.<\/p>\n<p>La fuerza y la elegancia se combinan para hacer de esta mesa un punto focal destacado en cualquier \u00e1rea de comedor.<\/p>\n","protected":false},"excerpt":{"rendered":"<p>MESA DE COMEDOR<\/p>\n","protected":false},"featured_media":254371,"template":"","meta":{"_et_pb_use_builder":"","_et_pb_old_content":"","_et_gb_content_width":""},"product_brand":[],"product_cat":[640,641,642],"product_tag":[],"class_list":{"0":"post-254370","1":"product","2":"type-product","3":"status-publish","4":"has-post-thumbnail","6":"product_cat-comedor-accesorios","7":"product_cat-linea-adams","8":"product_cat-mesas-de-comedor","10":"first","11":"instock","12":"shipping-taxable","13":"product-type-simple"},"_links":{"self":[{"href":"https:\/\/mhr.com.pt\/es\/wp-json\/wp\/v2\/product\/254370","targetHints":{"allow":["GET"]}}],"collection":[{"href":"https:\/\/mhr.com.pt\/es\/wp-json\/wp\/v2\/product"}],"about":[{"href":"https:\/\/mhr.com.pt\/es\/wp-json\/wp\/v2\/types\/product"}],"wp:featuredmedia":[{"embeddable":true,"href":"https:\/\/mhr.com.pt\/es\/wp-json\/wp\/v2\/media\/254371"}],"wp:attachment":[{"href":"https:\/\/mhr.com.pt\/es\/wp-json\/wp\/v2\/media?parent=254370"}],"wp:term":[{"taxonomy":"product_brand","embeddable":true,"href":"https:\/\/mhr.com.pt\/es\/wp-json\/wp\/v2\/product_brand?post=254370"},{"taxonomy":"product_cat","embeddable":true,"href":"https:\/\/mhr.com.pt\/es\/wp-json\/wp\/v2\/product_cat?post=254370"},{"taxonomy":"product_tag","embeddable":true,"href":"https:\/\/mhr.com.pt\/es\/wp-json\/wp\/v2\/product_tag?post=254370"}],"curies":[{"name":"wp","href":"https:\/\/api.w.org\/{rel}","templated":true}]}}