{"id":254377,"date":"2025-03-24T10:21:20","date_gmt":"2025-03-24T10:21:20","guid":{"rendered":"https:\/\/mhr.com.pt\/product\/adams-4\/"},"modified":"2025-03-24T10:21:20","modified_gmt":"2025-03-24T10:21:20","slug":"adams-4","status":"publish","type":"product","link":"https:\/\/mhr.com.pt\/es\/product\/adams-4\/","title":{"rendered":"Adams."},"content":{"rendered":"<p>El aparador Adams se distingue por su dise\u00f1o robusto, contrastado por el efecto de suspensi\u00f3n proporcionado por las patas de acr\u00edlico. Las superficies acanaladas de madera refuerzan el ritmo visual de la pieza, ofreciendo un equilibrio perfecto entre audacia y sutileza.<\/p>\n","protected":false},"excerpt":{"rendered":"<p>APARADOR<\/p>\n","protected":false},"featured_media":254378,"template":"","meta":{"_et_pb_use_builder":"","_et_pb_old_content":"","_et_gb_content_width":""},"product_brand":[],"product_cat":[640,641],"product_tag":[],"class_list":{"0":"post-254377","1":"product","2":"type-product","3":"status-publish","4":"has-post-thumbnail","6":"product_cat-comedor-accesorios","7":"product_cat-linea-adams","9":"first","10":"instock","11":"shipping-taxable","12":"product-type-simple"},"_links":{"self":[{"href":"https:\/\/mhr.com.pt\/es\/wp-json\/wp\/v2\/product\/254377","targetHints":{"allow":["GET"]}}],"collection":[{"href":"https:\/\/mhr.com.pt\/es\/wp-json\/wp\/v2\/product"}],"about":[{"href":"https:\/\/mhr.com.pt\/es\/wp-json\/wp\/v2\/types\/product"}],"wp:featuredmedia":[{"embeddable":true,"href":"https:\/\/mhr.com.pt\/es\/wp-json\/wp\/v2\/media\/254378"}],"wp:attachment":[{"href":"https:\/\/mhr.com.pt\/es\/wp-json\/wp\/v2\/media?parent=254377"}],"wp:term":[{"taxonomy":"product_brand","embeddable":true,"href":"https:\/\/mhr.com.pt\/es\/wp-json\/wp\/v2\/product_brand?post=254377"},{"taxonomy":"product_cat","embeddable":true,"href":"https:\/\/mhr.com.pt\/es\/wp-json\/wp\/v2\/product_cat?post=254377"},{"taxonomy":"product_tag","embeddable":true,"href":"https:\/\/mhr.com.pt\/es\/wp-json\/wp\/v2\/product_tag?post=254377"}],"curies":[{"name":"wp","href":"https:\/\/api.w.org\/{rel}","templated":true}]}}