{"id":254381,"date":"2025-03-24T10:24:36","date_gmt":"2025-03-24T10:24:36","guid":{"rendered":"https:\/\/mhr.com.pt\/product\/adams-5\/"},"modified":"2025-03-24T10:24:36","modified_gmt":"2025-03-24T10:24:36","slug":"adams-5","status":"publish","type":"product","link":"https:\/\/mhr.com.pt\/es\/product\/adams-5\/","title":{"rendered":"Adams."},"content":{"rendered":"<p>El mueble bar Adams es una pieza destacada que combina funcionalidad y dise\u00f1o. Elevado sobre patas de acr\u00edlico transparente y detallado con paneles acanalados de madera, ofrece una soluci\u00f3n elegante para almacenar y exhibir sus mejores bebidas.<\/p>\n","protected":false},"excerpt":{"rendered":"<p>MUEBLE BAR<\/p>\n","protected":false},"featured_media":254382,"template":"","meta":{"_et_pb_use_builder":"off","_et_pb_old_content":"Lorem ipsum dolor sit amet, consectetur adipiscing elit. Etiam vitae orci at magna euismod faucibus. Suspendisse eget tellus eu augue fringilla luctus at et ligula. Cras rutrum tellus ut elit porta, quis ultricies risus scelerisque. Phasellus egestas ultrices tellus quis venenatis. Vestibulum volutpat, neque sed suscipit porttitor, nunc nibh fringilla justo, a gravida magna justo quis quam. Morbi placerat, massa vitae ultrices gravida, libero metus blandit metus, malesuada varius est nunc in elit. Phasellus tincidunt pretium pretium. Fusce vestibulum, mi quis varius consequat, urna nibh vulputate augue, sit amet maximus metus neque vitae urna. Pellentesque sollicitudin pharetra libero eget fringilla. Proin pellentesque lorem id tortor dapibus vehicula. Sed auctor massa molestie, luctus justo in, commodo massa. Nam ligula tortor, faucibus in neque dictum, vehicula auctor elit.\r\n\r\nSed interdum imperdiet sapien in volutpat. Aliquam eget semper erat. Aliquam sed tincidunt leo. In vitae orci libero. Vestibulum fermentum consectetur pharetra. Phasellus ante purus, tempus eu ornare ut, pulvinar quis augue. Quisque feugiat, lacus tincidunt tempus porta, quam nibh varius nulla, et luctus nunc diam at urna. Nam lobortis massa eget ante congue, vel suscipit orci porttitor. Fusce est felis, tempor ut dolor vitae, suscipit imperdiet quam. Aliquam accumsan lacus eget libero egestas, vitae tincidunt est sagittis. Fusce mattis pellentesque diam, id finibus erat dignissim sodales.","_et_gb_content_width":""},"product_brand":[],"product_cat":[640,641],"product_tag":[],"class_list":{"0":"post-254381","1":"product","2":"type-product","3":"status-publish","4":"has-post-thumbnail","6":"product_cat-comedor-accesorios","7":"product_cat-linea-adams","9":"first","10":"instock","11":"virtual","12":"product-type-simple"},"_links":{"self":[{"href":"https:\/\/mhr.com.pt\/es\/wp-json\/wp\/v2\/product\/254381","targetHints":{"allow":["GET"]}}],"collection":[{"href":"https:\/\/mhr.com.pt\/es\/wp-json\/wp\/v2\/product"}],"about":[{"href":"https:\/\/mhr.com.pt\/es\/wp-json\/wp\/v2\/types\/product"}],"wp:featuredmedia":[{"embeddable":true,"href":"https:\/\/mhr.com.pt\/es\/wp-json\/wp\/v2\/media\/254382"}],"wp:attachment":[{"href":"https:\/\/mhr.com.pt\/es\/wp-json\/wp\/v2\/media?parent=254381"}],"wp:term":[{"taxonomy":"product_brand","embeddable":true,"href":"https:\/\/mhr.com.pt\/es\/wp-json\/wp\/v2\/product_brand?post=254381"},{"taxonomy":"product_cat","embeddable":true,"href":"https:\/\/mhr.com.pt\/es\/wp-json\/wp\/v2\/product_cat?post=254381"},{"taxonomy":"product_tag","embeddable":true,"href":"https:\/\/mhr.com.pt\/es\/wp-json\/wp\/v2\/product_tag?post=254381"}],"curies":[{"name":"wp","href":"https:\/\/api.w.org\/{rel}","templated":true}]}}