{"id":254383,"date":"2025-03-24T10:23:43","date_gmt":"2025-03-24T10:23:43","guid":{"rendered":"https:\/\/mhr.com.pt\/product\/adams-6\/"},"modified":"2025-03-24T10:23:43","modified_gmt":"2025-03-24T10:23:43","slug":"adams-6","status":"publish","type":"product","link":"https:\/\/mhr.com.pt\/es\/product\/adams-6\/","title":{"rendered":"Adams."},"content":{"rendered":"<p>El espejo de pared Adams complementa la colecci\u00f3n con simplicidad y elegancia. El marco en madera acanalada a\u00f1ade textura y sofisticaci\u00f3n, reflejando el lenguaje de dise\u00f1o presente en toda la l\u00ednea Adams.<\/p>\n","protected":false},"excerpt":{"rendered":"<p>ESPEJO DE PARED<\/p>\n","protected":false},"featured_media":254384,"template":"","meta":{"_et_pb_use_builder":"","_et_pb_old_content":"","_et_gb_content_width":""},"product_brand":[],"product_cat":[640,643,641],"product_tag":[],"class_list":{"0":"post-254383","1":"product","2":"type-product","3":"status-publish","4":"has-post-thumbnail","6":"product_cat-comedor-accesorios","7":"product_cat-espejos-de-pared","8":"product_cat-linea-adams","10":"first","11":"instock","12":"shipping-taxable","13":"product-type-simple"},"_links":{"self":[{"href":"https:\/\/mhr.com.pt\/es\/wp-json\/wp\/v2\/product\/254383","targetHints":{"allow":["GET"]}}],"collection":[{"href":"https:\/\/mhr.com.pt\/es\/wp-json\/wp\/v2\/product"}],"about":[{"href":"https:\/\/mhr.com.pt\/es\/wp-json\/wp\/v2\/types\/product"}],"wp:featuredmedia":[{"embeddable":true,"href":"https:\/\/mhr.com.pt\/es\/wp-json\/wp\/v2\/media\/254384"}],"wp:attachment":[{"href":"https:\/\/mhr.com.pt\/es\/wp-json\/wp\/v2\/media?parent=254383"}],"wp:term":[{"taxonomy":"product_brand","embeddable":true,"href":"https:\/\/mhr.com.pt\/es\/wp-json\/wp\/v2\/product_brand?post=254383"},{"taxonomy":"product_cat","embeddable":true,"href":"https:\/\/mhr.com.pt\/es\/wp-json\/wp\/v2\/product_cat?post=254383"},{"taxonomy":"product_tag","embeddable":true,"href":"https:\/\/mhr.com.pt\/es\/wp-json\/wp\/v2\/product_tag?post=254383"}],"curies":[{"name":"wp","href":"https:\/\/api.w.org\/{rel}","templated":true}]}}