{"id":254388,"date":"2022-11-14T12:37:42","date_gmt":"2022-11-14T12:37:42","guid":{"rendered":"https:\/\/mhr.com.pt\/product\/ray\/"},"modified":"2022-11-14T12:37:42","modified_gmt":"2022-11-14T12:37:42","slug":"ray","status":"publish","type":"product","link":"https:\/\/mhr.com.pt\/es\/product\/ray\/","title":{"rendered":"Ray."},"content":{"rendered":"<p>El mueble TV Ray incorpora el esp\u00edritu del ritmo y la elegancia. Con detalles verticales que evocan las l\u00edneas de una partitura musical, ofrece una presencia visual din\u00e1mica sin perder funcionalidad ni sofisticaci\u00f3n.<\/p>\n","protected":false},"excerpt":{"rendered":"<p>BASE TV<\/p>\n","protected":false},"featured_media":254389,"template":"","meta":{"_et_pb_use_builder":"","_et_pb_old_content":"","_et_gb_content_width":""},"product_brand":[],"product_cat":[640,644],"product_tag":[],"class_list":{"0":"post-254388","1":"product","2":"type-product","3":"status-publish","4":"has-post-thumbnail","6":"product_cat-comedor-accesorios","7":"product_cat-linea-ray","9":"first","10":"instock","11":"shipping-taxable","12":"product-type-simple"},"_links":{"self":[{"href":"https:\/\/mhr.com.pt\/es\/wp-json\/wp\/v2\/product\/254388","targetHints":{"allow":["GET"]}}],"collection":[{"href":"https:\/\/mhr.com.pt\/es\/wp-json\/wp\/v2\/product"}],"about":[{"href":"https:\/\/mhr.com.pt\/es\/wp-json\/wp\/v2\/types\/product"}],"wp:featuredmedia":[{"embeddable":true,"href":"https:\/\/mhr.com.pt\/es\/wp-json\/wp\/v2\/media\/254389"}],"wp:attachment":[{"href":"https:\/\/mhr.com.pt\/es\/wp-json\/wp\/v2\/media?parent=254388"}],"wp:term":[{"taxonomy":"product_brand","embeddable":true,"href":"https:\/\/mhr.com.pt\/es\/wp-json\/wp\/v2\/product_brand?post=254388"},{"taxonomy":"product_cat","embeddable":true,"href":"https:\/\/mhr.com.pt\/es\/wp-json\/wp\/v2\/product_cat?post=254388"},{"taxonomy":"product_tag","embeddable":true,"href":"https:\/\/mhr.com.pt\/es\/wp-json\/wp\/v2\/product_tag?post=254388"}],"curies":[{"name":"wp","href":"https:\/\/api.w.org\/{rel}","templated":true}]}}