{"id":254394,"date":"2022-11-14T12:35:45","date_gmt":"2022-11-14T12:35:45","guid":{"rendered":"https:\/\/mhr.com.pt\/product\/ray-2\/"},"modified":"2022-11-14T12:35:45","modified_gmt":"2022-11-14T12:35:45","slug":"ray-2","status":"publish","type":"product","link":"https:\/\/mhr.com.pt\/es\/product\/ray-2\/","title":{"rendered":"Ray."},"content":{"rendered":"<p>El aparador Ray aporta musicalidad a su espacio. Los detalles verticales en su superficie crean una sensaci\u00f3n de movimiento y armon\u00eda, ofreciendo un almacenamiento generoso con un dise\u00f1o refinado y lleno de car\u00e1cter.<\/p>\n","protected":false},"excerpt":{"rendered":"<p>APARADOR<\/p>\n","protected":false},"featured_media":254395,"template":"","meta":{"_et_pb_use_builder":"","_et_pb_old_content":"","_et_gb_content_width":""},"product_brand":[],"product_cat":[640,644],"product_tag":[],"class_list":{"0":"post-254394","1":"product","2":"type-product","3":"status-publish","4":"has-post-thumbnail","6":"product_cat-comedor-accesorios","7":"product_cat-linea-ray","9":"first","10":"instock","11":"shipping-taxable","12":"product-type-simple"},"_links":{"self":[{"href":"https:\/\/mhr.com.pt\/es\/wp-json\/wp\/v2\/product\/254394","targetHints":{"allow":["GET"]}}],"collection":[{"href":"https:\/\/mhr.com.pt\/es\/wp-json\/wp\/v2\/product"}],"about":[{"href":"https:\/\/mhr.com.pt\/es\/wp-json\/wp\/v2\/types\/product"}],"wp:featuredmedia":[{"embeddable":true,"href":"https:\/\/mhr.com.pt\/es\/wp-json\/wp\/v2\/media\/254395"}],"wp:attachment":[{"href":"https:\/\/mhr.com.pt\/es\/wp-json\/wp\/v2\/media?parent=254394"}],"wp:term":[{"taxonomy":"product_brand","embeddable":true,"href":"https:\/\/mhr.com.pt\/es\/wp-json\/wp\/v2\/product_brand?post=254394"},{"taxonomy":"product_cat","embeddable":true,"href":"https:\/\/mhr.com.pt\/es\/wp-json\/wp\/v2\/product_cat?post=254394"},{"taxonomy":"product_tag","embeddable":true,"href":"https:\/\/mhr.com.pt\/es\/wp-json\/wp\/v2\/product_tag?post=254394"}],"curies":[{"name":"wp","href":"https:\/\/api.w.org\/{rel}","templated":true}]}}