{"id":254400,"date":"2021-02-26T14:20:46","date_gmt":"2021-02-26T14:20:46","guid":{"rendered":"https:\/\/mhr.com.pt\/product\/ray-3\/"},"modified":"2021-02-26T14:20:46","modified_gmt":"2021-02-26T14:20:46","slug":"ray-3","status":"publish","type":"product","link":"https:\/\/mhr.com.pt\/es\/product\/ray-3\/","title":{"rendered":"Ray."},"content":{"rendered":"<p>El mueble bar Ray es una celebraci\u00f3n del ritmo y la sofisticaci\u00f3n. Su estructura vertical evoca la imagen de notas musicales ascendiendo y descendiendo, creando una pieza escult\u00f3rica que es simult\u00e1neamente funcional y art\u00edstica.<\/p>\n","protected":false},"excerpt":{"rendered":"<p>MUEBLE BAR<\/p>\n","protected":false},"featured_media":254401,"template":"","meta":{"_et_pb_use_builder":"","_et_pb_old_content":"","_et_gb_content_width":""},"product_brand":[],"product_cat":[640,644],"product_tag":[],"class_list":{"0":"post-254400","1":"product","2":"type-product","3":"status-publish","4":"has-post-thumbnail","6":"product_cat-comedor-accesorios","7":"product_cat-linea-ray","9":"first","10":"instock","11":"virtual","12":"product-type-simple"},"_links":{"self":[{"href":"https:\/\/mhr.com.pt\/es\/wp-json\/wp\/v2\/product\/254400","targetHints":{"allow":["GET"]}}],"collection":[{"href":"https:\/\/mhr.com.pt\/es\/wp-json\/wp\/v2\/product"}],"about":[{"href":"https:\/\/mhr.com.pt\/es\/wp-json\/wp\/v2\/types\/product"}],"wp:featuredmedia":[{"embeddable":true,"href":"https:\/\/mhr.com.pt\/es\/wp-json\/wp\/v2\/media\/254401"}],"wp:attachment":[{"href":"https:\/\/mhr.com.pt\/es\/wp-json\/wp\/v2\/media?parent=254400"}],"wp:term":[{"taxonomy":"product_brand","embeddable":true,"href":"https:\/\/mhr.com.pt\/es\/wp-json\/wp\/v2\/product_brand?post=254400"},{"taxonomy":"product_cat","embeddable":true,"href":"https:\/\/mhr.com.pt\/es\/wp-json\/wp\/v2\/product_cat?post=254400"},{"taxonomy":"product_tag","embeddable":true,"href":"https:\/\/mhr.com.pt\/es\/wp-json\/wp\/v2\/product_tag?post=254400"}],"curies":[{"name":"wp","href":"https:\/\/api.w.org\/{rel}","templated":true}]}}