{"id":254420,"date":"2022-11-14T12:33:00","date_gmt":"2022-11-14T12:33:00","guid":{"rendered":"https:\/\/mhr.com.pt\/product\/ray-4\/"},"modified":"2022-11-14T12:33:00","modified_gmt":"2022-11-14T12:33:00","slug":"ray-4","status":"publish","type":"product","link":"https:\/\/mhr.com.pt\/es\/product\/ray-4\/","title":{"rendered":"Ray."},"content":{"rendered":"<p>El espejo de pared Ray complementa la colecci\u00f3n con un dise\u00f1o limpio y r\u00edtmico. Los discretos detalles verticales enmarcan el reflejo con elegancia, a\u00f1adiendo una sensaci\u00f3n de movimiento y musicalidad a cualquier ambiente.<\/p>\n","protected":false},"excerpt":{"rendered":"<p>ESPEJO DE PARED<\/p>\n","protected":false},"featured_media":254421,"template":"","meta":{"_et_pb_use_builder":"","_et_pb_old_content":"","_et_gb_content_width":""},"product_brand":[],"product_cat":[640,643,644],"product_tag":[],"class_list":{"0":"post-254420","1":"product","2":"type-product","3":"status-publish","4":"has-post-thumbnail","6":"product_cat-comedor-accesorios","7":"product_cat-espejos-de-pared","8":"product_cat-linea-ray","10":"first","11":"instock","12":"shipping-taxable","13":"product-type-simple"},"_links":{"self":[{"href":"https:\/\/mhr.com.pt\/es\/wp-json\/wp\/v2\/product\/254420","targetHints":{"allow":["GET"]}}],"collection":[{"href":"https:\/\/mhr.com.pt\/es\/wp-json\/wp\/v2\/product"}],"about":[{"href":"https:\/\/mhr.com.pt\/es\/wp-json\/wp\/v2\/types\/product"}],"wp:featuredmedia":[{"embeddable":true,"href":"https:\/\/mhr.com.pt\/es\/wp-json\/wp\/v2\/media\/254421"}],"wp:attachment":[{"href":"https:\/\/mhr.com.pt\/es\/wp-json\/wp\/v2\/media?parent=254420"}],"wp:term":[{"taxonomy":"product_brand","embeddable":true,"href":"https:\/\/mhr.com.pt\/es\/wp-json\/wp\/v2\/product_brand?post=254420"},{"taxonomy":"product_cat","embeddable":true,"href":"https:\/\/mhr.com.pt\/es\/wp-json\/wp\/v2\/product_cat?post=254420"},{"taxonomy":"product_tag","embeddable":true,"href":"https:\/\/mhr.com.pt\/es\/wp-json\/wp\/v2\/product_tag?post=254420"}],"curies":[{"name":"wp","href":"https:\/\/api.w.org\/{rel}","templated":true}]}}