{"id":254427,"date":"2025-03-24T16:26:30","date_gmt":"2025-03-24T16:26:30","guid":{"rendered":"https:\/\/mhr.com.pt\/product\/jade-2\/"},"modified":"2025-03-24T16:26:30","modified_gmt":"2025-03-24T16:26:30","slug":"jade-2","status":"publish","type":"product","link":"https:\/\/mhr.com.pt\/es\/product\/jade-2\/","title":{"rendered":"Jade."},"content":{"rendered":"<p>La mesa de comedor Jade es una pieza s\u00f3lida con una superficie visualmente robusta que crea una ilusi\u00f3n de desequilibrio mediante el uso de una pata met\u00e1lica y una pata de acr\u00edlico, confiri\u00e9ndole un efecto suspendido.<\/p>\n<p>Esta mesa es una pieza destacada en cualquier estancia, con l\u00edneas simples y rectas que dan como resultado un dise\u00f1o complejo y visualmente intrigante.<\/p>\n","protected":false},"excerpt":{"rendered":"<p>MESA DE COMEDOR<\/p>\n","protected":false},"featured_media":254428,"template":"","meta":{"_et_pb_use_builder":"","_et_pb_old_content":"","_et_gb_content_width":""},"product_brand":[],"product_cat":[640,642],"product_tag":[],"class_list":{"0":"post-254427","1":"product","2":"type-product","3":"status-publish","4":"has-post-thumbnail","6":"product_cat-comedor-accesorios","7":"product_cat-mesas-de-comedor","9":"first","10":"instock","11":"shipping-taxable","12":"product-type-simple"},"_links":{"self":[{"href":"https:\/\/mhr.com.pt\/es\/wp-json\/wp\/v2\/product\/254427","targetHints":{"allow":["GET"]}}],"collection":[{"href":"https:\/\/mhr.com.pt\/es\/wp-json\/wp\/v2\/product"}],"about":[{"href":"https:\/\/mhr.com.pt\/es\/wp-json\/wp\/v2\/types\/product"}],"wp:featuredmedia":[{"embeddable":true,"href":"https:\/\/mhr.com.pt\/es\/wp-json\/wp\/v2\/media\/254428"}],"wp:attachment":[{"href":"https:\/\/mhr.com.pt\/es\/wp-json\/wp\/v2\/media?parent=254427"}],"wp:term":[{"taxonomy":"product_brand","embeddable":true,"href":"https:\/\/mhr.com.pt\/es\/wp-json\/wp\/v2\/product_brand?post=254427"},{"taxonomy":"product_cat","embeddable":true,"href":"https:\/\/mhr.com.pt\/es\/wp-json\/wp\/v2\/product_cat?post=254427"},{"taxonomy":"product_tag","embeddable":true,"href":"https:\/\/mhr.com.pt\/es\/wp-json\/wp\/v2\/product_tag?post=254427"}],"curies":[{"name":"wp","href":"https:\/\/api.w.org\/{rel}","templated":true}]}}