{"id":254437,"date":"2025-03-24T16:24:29","date_gmt":"2025-03-24T16:24:29","guid":{"rendered":"https:\/\/mhr.com.pt\/product\/aiko\/"},"modified":"2025-03-24T16:24:29","modified_gmt":"2025-03-24T16:24:29","slug":"aiko","status":"publish","type":"product","link":"https:\/\/mhr.com.pt\/es\/product\/aiko\/","title":{"rendered":"Aiko."},"content":{"rendered":"<p>La mesa de comedor Aiko ha sido dise\u00f1ada para adaptarse a los diferentes momentos de la vida.<\/p>\n<p>Cuenta con un mecanismo extensible que permite ajustar el tama\u00f1o de la mesa para acomodar a familiares y amigos durante reuniones.<\/p>\n<p>Cuando no se utiliza, la mesa puede compactarse a un tama\u00f1o m\u00e1s peque\u00f1o, lo que la hace vers\u00e1til tanto para espacios grandes como para ambientes m\u00e1s \u00edntimos.<\/p>\n","protected":false},"excerpt":{"rendered":"<p>MESA DE COMEDOR<\/p>\n","protected":false},"featured_media":254438,"template":"","meta":{"_et_pb_use_builder":"","_et_pb_old_content":"","_et_gb_content_width":""},"product_brand":[],"product_cat":[640,642],"product_tag":[],"class_list":{"0":"post-254437","1":"product","2":"type-product","3":"status-publish","4":"has-post-thumbnail","6":"product_cat-comedor-accesorios","7":"product_cat-mesas-de-comedor","9":"first","10":"instock","11":"shipping-taxable","12":"product-type-simple"},"_links":{"self":[{"href":"https:\/\/mhr.com.pt\/es\/wp-json\/wp\/v2\/product\/254437","targetHints":{"allow":["GET"]}}],"collection":[{"href":"https:\/\/mhr.com.pt\/es\/wp-json\/wp\/v2\/product"}],"about":[{"href":"https:\/\/mhr.com.pt\/es\/wp-json\/wp\/v2\/types\/product"}],"wp:featuredmedia":[{"embeddable":true,"href":"https:\/\/mhr.com.pt\/es\/wp-json\/wp\/v2\/media\/254438"}],"wp:attachment":[{"href":"https:\/\/mhr.com.pt\/es\/wp-json\/wp\/v2\/media?parent=254437"}],"wp:term":[{"taxonomy":"product_brand","embeddable":true,"href":"https:\/\/mhr.com.pt\/es\/wp-json\/wp\/v2\/product_brand?post=254437"},{"taxonomy":"product_cat","embeddable":true,"href":"https:\/\/mhr.com.pt\/es\/wp-json\/wp\/v2\/product_cat?post=254437"},{"taxonomy":"product_tag","embeddable":true,"href":"https:\/\/mhr.com.pt\/es\/wp-json\/wp\/v2\/product_tag?post=254437"}],"curies":[{"name":"wp","href":"https:\/\/api.w.org\/{rel}","templated":true}]}}