{"id":254445,"date":"2025-03-24T16:50:56","date_gmt":"2025-03-24T16:50:56","guid":{"rendered":"https:\/\/mhr.com.pt\/product\/mei\/"},"modified":"2025-03-24T16:50:56","modified_gmt":"2025-03-24T16:50:56","slug":"mei","status":"publish","type":"product","link":"https:\/\/mhr.com.pt\/es\/product\/mei\/","title":{"rendered":"Mei."},"content":{"rendered":"<p>La silla Mei, disponible en versiones con o sin reposabrazos, es ligera y elegante, ocultando un trabajo artesanal complejo en madera maciza bajo su aparente simplicidad. Las curvas suaves y las l\u00edneas finas est\u00e1n inspiradas en el dise\u00f1o moderno, dando como resultado una silla cl\u00e1sica pero contempor\u00e1nea.<\/p>\n","protected":false},"excerpt":{"rendered":"<p>SILLAS &amp; SILLAS CON BRAZOS<\/p>\n","protected":false},"featured_media":254446,"template":"","meta":{"_et_pb_use_builder":"off","_et_pb_old_content":"<p>La silla Mei, disponible en versiones con o sin reposabrazos, es ligera y elegante, ocultando un trabajo artesanal complejo en madera maciza bajo su aparente simplicidad. Las curvas suaves y las l\u00edneas finas est\u00e1n inspiradas en el dise\u00f1o moderno, dando como resultado una silla cl\u00e1sica pero contempor\u00e1nea.<\/p>","_et_gb_content_width":""},"product_brand":[],"product_cat":[640,645],"product_tag":[],"class_list":{"0":"post-254445","1":"product","2":"type-product","3":"status-publish","4":"has-post-thumbnail","6":"product_cat-comedor-accesorios","7":"product_cat-sillas-sillas-con-brazos","9":"first","10":"instock","11":"shipping-taxable","12":"product-type-simple"},"_links":{"self":[{"href":"https:\/\/mhr.com.pt\/es\/wp-json\/wp\/v2\/product\/254445","targetHints":{"allow":["GET"]}}],"collection":[{"href":"https:\/\/mhr.com.pt\/es\/wp-json\/wp\/v2\/product"}],"about":[{"href":"https:\/\/mhr.com.pt\/es\/wp-json\/wp\/v2\/types\/product"}],"wp:featuredmedia":[{"embeddable":true,"href":"https:\/\/mhr.com.pt\/es\/wp-json\/wp\/v2\/media\/254446"}],"wp:attachment":[{"href":"https:\/\/mhr.com.pt\/es\/wp-json\/wp\/v2\/media?parent=254445"}],"wp:term":[{"taxonomy":"product_brand","embeddable":true,"href":"https:\/\/mhr.com.pt\/es\/wp-json\/wp\/v2\/product_brand?post=254445"},{"taxonomy":"product_cat","embeddable":true,"href":"https:\/\/mhr.com.pt\/es\/wp-json\/wp\/v2\/product_cat?post=254445"},{"taxonomy":"product_tag","embeddable":true,"href":"https:\/\/mhr.com.pt\/es\/wp-json\/wp\/v2\/product_tag?post=254445"}],"curies":[{"name":"wp","href":"https:\/\/api.w.org\/{rel}","templated":true}]}}