{"id":254448,"date":"2025-03-24T16:56:22","date_gmt":"2025-03-24T16:56:22","guid":{"rendered":"https:\/\/mhr.com.pt\/product\/ono\/"},"modified":"2026-01-05T11:31:37","modified_gmt":"2026-01-05T11:31:37","slug":"ono","status":"publish","type":"product","link":"https:\/\/mhr.com.pt\/es\/product\/ono\/","title":{"rendered":"Ono."},"content":{"rendered":"<p>El sill\u00f3n con brazos Ono es el complemento perfecto para una mesa de comedor redonda, realzando y reflejando la forma de la mesa.<\/p>\n<p>Su dise\u00f1o compacto y su forma redondeada lo convierten en una opci\u00f3n ideal para crear una configuraci\u00f3n de comedor armoniosa y bien equilibrada.<\/p>\n","protected":false},"excerpt":{"rendered":"<p>SILLAS CON BRAZOS<\/p>\n","protected":false},"featured_media":254449,"template":"","meta":{"_et_pb_use_builder":"","_et_pb_old_content":"","_et_gb_content_width":""},"product_brand":[],"product_cat":[640,645],"product_tag":[],"class_list":{"0":"post-254448","1":"product","2":"type-product","3":"status-publish","4":"has-post-thumbnail","6":"product_cat-comedor-accesorios","7":"product_cat-sillas-sillas-con-brazos","9":"first","10":"instock","11":"shipping-taxable","12":"product-type-simple"},"_links":{"self":[{"href":"https:\/\/mhr.com.pt\/es\/wp-json\/wp\/v2\/product\/254448","targetHints":{"allow":["GET"]}}],"collection":[{"href":"https:\/\/mhr.com.pt\/es\/wp-json\/wp\/v2\/product"}],"about":[{"href":"https:\/\/mhr.com.pt\/es\/wp-json\/wp\/v2\/types\/product"}],"wp:featuredmedia":[{"embeddable":true,"href":"https:\/\/mhr.com.pt\/es\/wp-json\/wp\/v2\/media\/254449"}],"wp:attachment":[{"href":"https:\/\/mhr.com.pt\/es\/wp-json\/wp\/v2\/media?parent=254448"}],"wp:term":[{"taxonomy":"product_brand","embeddable":true,"href":"https:\/\/mhr.com.pt\/es\/wp-json\/wp\/v2\/product_brand?post=254448"},{"taxonomy":"product_cat","embeddable":true,"href":"https:\/\/mhr.com.pt\/es\/wp-json\/wp\/v2\/product_cat?post=254448"},{"taxonomy":"product_tag","embeddable":true,"href":"https:\/\/mhr.com.pt\/es\/wp-json\/wp\/v2\/product_tag?post=254448"}],"curies":[{"name":"wp","href":"https:\/\/api.w.org\/{rel}","templated":true}]}}