{"id":254451,"date":"2022-11-14T12:28:28","date_gmt":"2022-11-14T12:28:28","guid":{"rendered":"https:\/\/mhr.com.pt\/product\/lewis\/"},"modified":"2022-11-14T12:28:28","modified_gmt":"2022-11-14T12:28:28","slug":"lewis","status":"publish","type":"product","link":"https:\/\/mhr.com.pt\/es\/product\/lewis\/","title":{"rendered":"Lewis."},"content":{"rendered":"<p>El taburete de bar Lewis cuenta con una estructura met\u00e1lica s\u00f3lida y robusta, suavizada por el delicado toque de tres tubos finos que conectan todo el armaz\u00f3n.<\/p>\n<p>Los reposabrazos proporcionan comodidad adicional y una sensaci\u00f3n de seguridad, mientras que el tapizado ligero le da al taburete un aspecto delicado y refinado.<\/p>\n","protected":false},"excerpt":{"rendered":"<p>TABURETE DE BAR<\/p>\n","protected":false},"featured_media":254452,"template":"","meta":{"_et_pb_use_builder":"","_et_pb_old_content":"","_et_gb_content_width":""},"product_brand":[],"product_cat":[640,645],"product_tag":[],"class_list":{"0":"post-254451","1":"product","2":"type-product","3":"status-publish","4":"has-post-thumbnail","6":"product_cat-comedor-accesorios","7":"product_cat-sillas-sillas-con-brazos","9":"first","10":"instock","11":"shipping-taxable","12":"product-type-simple"},"_links":{"self":[{"href":"https:\/\/mhr.com.pt\/es\/wp-json\/wp\/v2\/product\/254451","targetHints":{"allow":["GET"]}}],"collection":[{"href":"https:\/\/mhr.com.pt\/es\/wp-json\/wp\/v2\/product"}],"about":[{"href":"https:\/\/mhr.com.pt\/es\/wp-json\/wp\/v2\/types\/product"}],"wp:featuredmedia":[{"embeddable":true,"href":"https:\/\/mhr.com.pt\/es\/wp-json\/wp\/v2\/media\/254452"}],"wp:attachment":[{"href":"https:\/\/mhr.com.pt\/es\/wp-json\/wp\/v2\/media?parent=254451"}],"wp:term":[{"taxonomy":"product_brand","embeddable":true,"href":"https:\/\/mhr.com.pt\/es\/wp-json\/wp\/v2\/product_brand?post=254451"},{"taxonomy":"product_cat","embeddable":true,"href":"https:\/\/mhr.com.pt\/es\/wp-json\/wp\/v2\/product_cat?post=254451"},{"taxonomy":"product_tag","embeddable":true,"href":"https:\/\/mhr.com.pt\/es\/wp-json\/wp\/v2\/product_tag?post=254451"}],"curies":[{"name":"wp","href":"https:\/\/api.w.org\/{rel}","templated":true}]}}