{"id":254454,"date":"2022-11-14T12:27:02","date_gmt":"2022-11-14T12:27:02","guid":{"rendered":"https:\/\/mhr.com.pt\/product\/newton\/"},"modified":"2022-11-14T12:27:02","modified_gmt":"2022-11-14T12:27:02","slug":"newton","status":"publish","type":"product","link":"https:\/\/mhr.com.pt\/es\/product\/newton\/","title":{"rendered":"Newton."},"content":{"rendered":"<p>El taburete de bar Newton es una pieza minimalista con respaldo tapizado para mayor comodidad.<\/p>\n<p>Sus l\u00edneas rectas forman una estructura s\u00f3lida pero delicada, lo que lo convierte en una adici\u00f3n perfecta para cualquier espacio moderno de bar o cocina.<\/p>\n","protected":false},"excerpt":{"rendered":"<p>TABURETE DE BAR<\/p>\n","protected":false},"featured_media":254455,"template":"","meta":{"_et_pb_use_builder":"","_et_pb_old_content":"","_et_gb_content_width":""},"product_brand":[],"product_cat":[640,645],"product_tag":[],"class_list":{"0":"post-254454","1":"product","2":"type-product","3":"status-publish","4":"has-post-thumbnail","6":"product_cat-comedor-accesorios","7":"product_cat-sillas-sillas-con-brazos","9":"first","10":"instock","11":"shipping-taxable","12":"product-type-simple"},"_links":{"self":[{"href":"https:\/\/mhr.com.pt\/es\/wp-json\/wp\/v2\/product\/254454","targetHints":{"allow":["GET"]}}],"collection":[{"href":"https:\/\/mhr.com.pt\/es\/wp-json\/wp\/v2\/product"}],"about":[{"href":"https:\/\/mhr.com.pt\/es\/wp-json\/wp\/v2\/types\/product"}],"wp:featuredmedia":[{"embeddable":true,"href":"https:\/\/mhr.com.pt\/es\/wp-json\/wp\/v2\/media\/254455"}],"wp:attachment":[{"href":"https:\/\/mhr.com.pt\/es\/wp-json\/wp\/v2\/media?parent=254454"}],"wp:term":[{"taxonomy":"product_brand","embeddable":true,"href":"https:\/\/mhr.com.pt\/es\/wp-json\/wp\/v2\/product_brand?post=254454"},{"taxonomy":"product_cat","embeddable":true,"href":"https:\/\/mhr.com.pt\/es\/wp-json\/wp\/v2\/product_cat?post=254454"},{"taxonomy":"product_tag","embeddable":true,"href":"https:\/\/mhr.com.pt\/es\/wp-json\/wp\/v2\/product_tag?post=254454"}],"curies":[{"name":"wp","href":"https:\/\/api.w.org\/{rel}","templated":true}]}}