{"id":254478,"date":"2022-11-15T14:03:00","date_gmt":"2022-11-15T14:03:00","guid":{"rendered":"https:\/\/mhr.com.pt\/product\/boden\/"},"modified":"2022-11-15T14:03:00","modified_gmt":"2022-11-15T14:03:00","slug":"boden","status":"publish","type":"product","link":"https:\/\/mhr.com.pt\/es\/product\/boden\/","title":{"rendered":"Boden."},"content":{"rendered":"<p>La l\u00e1mpara de pie Boden presenta un dise\u00f1o robusto e industrial, inspirado en las luminarias de los a\u00f1os 1930.<\/p>\n<p>Sus l\u00edneas simplificadas le confieren un atractivo moderno, con una silueta elegante que se integra perfectamente en hogares contempor\u00e1neos.<\/p>\n<p>Esta l\u00e1mpara es una adici\u00f3n distintiva y elegante a cualquier estancia, mezclando pasado y presente de manera armoniosa.<\/p>\n","protected":false},"excerpt":{"rendered":"<p>L\u00c1MPARA DE PIE<\/p>\n","protected":false},"featured_media":254479,"template":"","meta":{"_et_pb_use_builder":"","_et_pb_old_content":"","_et_gb_content_width":""},"product_brand":[],"product_cat":[647],"product_tag":[],"class_list":{"0":"post-254478","1":"product","2":"type-product","3":"status-publish","4":"has-post-thumbnail","6":"product_cat-iluminacion","8":"first","9":"instock","10":"shipping-taxable","11":"product-type-simple"},"_links":{"self":[{"href":"https:\/\/mhr.com.pt\/es\/wp-json\/wp\/v2\/product\/254478","targetHints":{"allow":["GET"]}}],"collection":[{"href":"https:\/\/mhr.com.pt\/es\/wp-json\/wp\/v2\/product"}],"about":[{"href":"https:\/\/mhr.com.pt\/es\/wp-json\/wp\/v2\/types\/product"}],"wp:featuredmedia":[{"embeddable":true,"href":"https:\/\/mhr.com.pt\/es\/wp-json\/wp\/v2\/media\/254479"}],"wp:attachment":[{"href":"https:\/\/mhr.com.pt\/es\/wp-json\/wp\/v2\/media?parent=254478"}],"wp:term":[{"taxonomy":"product_brand","embeddable":true,"href":"https:\/\/mhr.com.pt\/es\/wp-json\/wp\/v2\/product_brand?post=254478"},{"taxonomy":"product_cat","embeddable":true,"href":"https:\/\/mhr.com.pt\/es\/wp-json\/wp\/v2\/product_cat?post=254478"},{"taxonomy":"product_tag","embeddable":true,"href":"https:\/\/mhr.com.pt\/es\/wp-json\/wp\/v2\/product_tag?post=254478"}],"curies":[{"name":"wp","href":"https:\/\/api.w.org\/{rel}","templated":true}]}}