{"id":254481,"date":"2022-11-15T14:22:48","date_gmt":"2022-11-15T14:22:48","guid":{"rendered":"https:\/\/mhr.com.pt\/product\/elliot\/"},"modified":"2022-11-15T14:22:48","modified_gmt":"2022-11-15T14:22:48","slug":"elliot","status":"publish","type":"product","link":"https:\/\/mhr.com.pt\/es\/product\/elliot\/","title":{"rendered":"Elliot."},"content":{"rendered":"<p>La l\u00e1mpara Elliot, disponible en versiones de mesa y de pie, se inspira en el dise\u00f1o industrial, con una predominancia de l\u00edneas rectas.<\/p>\n<p>Completamente articulable, esta l\u00e1mpara es extremadamente vers\u00e1til, permitiendo colocarla de diversas formas seg\u00fan sus necesidades de iluminaci\u00f3n.<\/p>\n<p>Perfecta tanto para iluminaci\u00f3n de tareas como de acento.<\/p>\n","protected":false},"excerpt":{"rendered":"<p>L\u00c1MPARAS DE MESA &amp; PIE<\/p>\n","protected":false},"featured_media":254482,"template":"","meta":{"_et_pb_use_builder":"","_et_pb_old_content":"","_et_gb_content_width":""},"product_brand":[],"product_cat":[647],"product_tag":[],"class_list":{"0":"post-254481","1":"product","2":"type-product","3":"status-publish","4":"has-post-thumbnail","6":"product_cat-iluminacion","8":"first","9":"instock","10":"shipping-taxable","11":"product-type-simple"},"_links":{"self":[{"href":"https:\/\/mhr.com.pt\/es\/wp-json\/wp\/v2\/product\/254481","targetHints":{"allow":["GET"]}}],"collection":[{"href":"https:\/\/mhr.com.pt\/es\/wp-json\/wp\/v2\/product"}],"about":[{"href":"https:\/\/mhr.com.pt\/es\/wp-json\/wp\/v2\/types\/product"}],"wp:featuredmedia":[{"embeddable":true,"href":"https:\/\/mhr.com.pt\/es\/wp-json\/wp\/v2\/media\/254482"}],"wp:attachment":[{"href":"https:\/\/mhr.com.pt\/es\/wp-json\/wp\/v2\/media?parent=254481"}],"wp:term":[{"taxonomy":"product_brand","embeddable":true,"href":"https:\/\/mhr.com.pt\/es\/wp-json\/wp\/v2\/product_brand?post=254481"},{"taxonomy":"product_cat","embeddable":true,"href":"https:\/\/mhr.com.pt\/es\/wp-json\/wp\/v2\/product_cat?post=254481"},{"taxonomy":"product_tag","embeddable":true,"href":"https:\/\/mhr.com.pt\/es\/wp-json\/wp\/v2\/product_tag?post=254481"}],"curies":[{"name":"wp","href":"https:\/\/api.w.org\/{rel}","templated":true}]}}