{"id":254485,"date":"2022-11-15T14:03:41","date_gmt":"2022-11-15T14:03:41","guid":{"rendered":"https:\/\/mhr.com.pt\/product\/eternal\/"},"modified":"2022-11-15T14:03:41","modified_gmt":"2022-11-15T14:03:41","slug":"eternal","status":"publish","type":"product","link":"https:\/\/mhr.com.pt\/es\/product\/eternal\/","title":{"rendered":"Eternal."},"content":{"rendered":"<p>La l\u00e1mpara de techo Eternal presenta piezas de vidrio soplado a mano, cada una \u00fanica con formas irregulares y burbujas caracter\u00edsticas en la superficie.<\/p>\n<p>Perfecta para realzar grandes espacios como comedores, esta l\u00e1mpara transmite una sensaci\u00f3n de eternidad.<\/p>\n<p>Una pieza memorable que encarna una belleza atemporal.<\/p>\n","protected":false},"excerpt":{"rendered":"<p>L\u00c1MPARA DE TECHO<\/p>\n","protected":false},"featured_media":254486,"template":"","meta":{"_et_pb_use_builder":"","_et_pb_old_content":"","_et_gb_content_width":""},"product_brand":[],"product_cat":[647],"product_tag":[],"class_list":{"0":"post-254485","1":"product","2":"type-product","3":"status-publish","4":"has-post-thumbnail","6":"product_cat-iluminacion","8":"first","9":"instock","10":"shipping-taxable","11":"product-type-simple"},"_links":{"self":[{"href":"https:\/\/mhr.com.pt\/es\/wp-json\/wp\/v2\/product\/254485","targetHints":{"allow":["GET"]}}],"collection":[{"href":"https:\/\/mhr.com.pt\/es\/wp-json\/wp\/v2\/product"}],"about":[{"href":"https:\/\/mhr.com.pt\/es\/wp-json\/wp\/v2\/types\/product"}],"wp:featuredmedia":[{"embeddable":true,"href":"https:\/\/mhr.com.pt\/es\/wp-json\/wp\/v2\/media\/254486"}],"wp:attachment":[{"href":"https:\/\/mhr.com.pt\/es\/wp-json\/wp\/v2\/media?parent=254485"}],"wp:term":[{"taxonomy":"product_brand","embeddable":true,"href":"https:\/\/mhr.com.pt\/es\/wp-json\/wp\/v2\/product_brand?post=254485"},{"taxonomy":"product_cat","embeddable":true,"href":"https:\/\/mhr.com.pt\/es\/wp-json\/wp\/v2\/product_cat?post=254485"},{"taxonomy":"product_tag","embeddable":true,"href":"https:\/\/mhr.com.pt\/es\/wp-json\/wp\/v2\/product_tag?post=254485"}],"curies":[{"name":"wp","href":"https:\/\/api.w.org\/{rel}","templated":true}]}}