{"id":254489,"date":"2022-11-15T14:05:22","date_gmt":"2022-11-15T14:05:22","guid":{"rendered":"https:\/\/mhr.com.pt\/product\/ives\/"},"modified":"2022-11-15T14:05:22","modified_gmt":"2022-11-15T14:05:22","slug":"ives","status":"publish","type":"product","link":"https:\/\/mhr.com.pt\/es\/product\/ives\/","title":{"rendered":"Ives."},"content":{"rendered":"<p>La l\u00e1mpara de pie Ives combina un dise\u00f1o moderno con referencias cl\u00e1sicas, siendo una adici\u00f3n ideal para una zona de lectura o de ocio.<\/p>\n<p>Con una forma arqueada, esta l\u00e1mpara proporciona iluminaci\u00f3n localizada con un \u00e1ngulo m\u00e1s amplio, perfecta para situarla sobre un \u00e1rea de estar y crear un ambiente acogedor.<\/p>\n","protected":false},"excerpt":{"rendered":"<p>L\u00c1MPARA DE PIE<\/p>\n","protected":false},"featured_media":254490,"template":"","meta":{"_et_pb_use_builder":"","_et_pb_old_content":"","_et_gb_content_width":""},"product_brand":[],"product_cat":[647],"product_tag":[],"class_list":{"0":"post-254489","1":"product","2":"type-product","3":"status-publish","4":"has-post-thumbnail","6":"product_cat-iluminacion","8":"first","9":"instock","10":"shipping-taxable","11":"product-type-simple"},"_links":{"self":[{"href":"https:\/\/mhr.com.pt\/es\/wp-json\/wp\/v2\/product\/254489","targetHints":{"allow":["GET"]}}],"collection":[{"href":"https:\/\/mhr.com.pt\/es\/wp-json\/wp\/v2\/product"}],"about":[{"href":"https:\/\/mhr.com.pt\/es\/wp-json\/wp\/v2\/types\/product"}],"wp:featuredmedia":[{"embeddable":true,"href":"https:\/\/mhr.com.pt\/es\/wp-json\/wp\/v2\/media\/254490"}],"wp:attachment":[{"href":"https:\/\/mhr.com.pt\/es\/wp-json\/wp\/v2\/media?parent=254489"}],"wp:term":[{"taxonomy":"product_brand","embeddable":true,"href":"https:\/\/mhr.com.pt\/es\/wp-json\/wp\/v2\/product_brand?post=254489"},{"taxonomy":"product_cat","embeddable":true,"href":"https:\/\/mhr.com.pt\/es\/wp-json\/wp\/v2\/product_cat?post=254489"},{"taxonomy":"product_tag","embeddable":true,"href":"https:\/\/mhr.com.pt\/es\/wp-json\/wp\/v2\/product_tag?post=254489"}],"curies":[{"name":"wp","href":"https:\/\/api.w.org\/{rel}","templated":true}]}}