{"id":254492,"date":"2022-11-15T14:23:32","date_gmt":"2022-11-15T14:23:32","guid":{"rendered":"https:\/\/mhr.com.pt\/product\/jacob\/"},"modified":"2022-11-15T14:23:32","modified_gmt":"2022-11-15T14:23:32","slug":"jacob","status":"publish","type":"product","link":"https:\/\/mhr.com.pt\/es\/product\/jacob\/","title":{"rendered":"Jacob."},"content":{"rendered":"<p>La l\u00e1mpara Jacob, disponible en versiones de mesa y de pie, es una pieza destacada, dise\u00f1ada para dominar el espacio que ocupa.<\/p>\n<p>Sus globos opalinos difunden la luz de manera magn\u00edfica, convirti\u00e9ndola en el punto focal de cualquier habitaci\u00f3n.<\/p>\n<p>La Jacob est\u00e1 creada para ser el centro de atenci\u00f3n, proporcionando una iluminaci\u00f3n suave y ambiental que realza la atm\u00f3sfera general.<\/p>\n","protected":false},"excerpt":{"rendered":"<p>L\u00c1MPARAS DE MESA &amp; PIE<\/p>\n","protected":false},"featured_media":254493,"template":"","meta":{"_et_pb_use_builder":"","_et_pb_old_content":"","_et_gb_content_width":""},"product_brand":[],"product_cat":[647],"product_tag":[],"class_list":{"0":"post-254492","1":"product","2":"type-product","3":"status-publish","4":"has-post-thumbnail","6":"product_cat-iluminacion","8":"first","9":"instock","10":"shipping-taxable","11":"product-type-simple"},"_links":{"self":[{"href":"https:\/\/mhr.com.pt\/es\/wp-json\/wp\/v2\/product\/254492","targetHints":{"allow":["GET"]}}],"collection":[{"href":"https:\/\/mhr.com.pt\/es\/wp-json\/wp\/v2\/product"}],"about":[{"href":"https:\/\/mhr.com.pt\/es\/wp-json\/wp\/v2\/types\/product"}],"wp:featuredmedia":[{"embeddable":true,"href":"https:\/\/mhr.com.pt\/es\/wp-json\/wp\/v2\/media\/254493"}],"wp:attachment":[{"href":"https:\/\/mhr.com.pt\/es\/wp-json\/wp\/v2\/media?parent=254492"}],"wp:term":[{"taxonomy":"product_brand","embeddable":true,"href":"https:\/\/mhr.com.pt\/es\/wp-json\/wp\/v2\/product_brand?post=254492"},{"taxonomy":"product_cat","embeddable":true,"href":"https:\/\/mhr.com.pt\/es\/wp-json\/wp\/v2\/product_cat?post=254492"},{"taxonomy":"product_tag","embeddable":true,"href":"https:\/\/mhr.com.pt\/es\/wp-json\/wp\/v2\/product_tag?post=254492"}],"curies":[{"name":"wp","href":"https:\/\/api.w.org\/{rel}","templated":true}]}}