{"id":254496,"date":"2022-11-15T14:06:01","date_gmt":"2022-11-15T14:06:01","guid":{"rendered":"https:\/\/mhr.com.pt\/product\/kirk\/"},"modified":"2022-11-15T14:06:01","modified_gmt":"2022-11-15T14:06:01","slug":"kirk","status":"publish","type":"product","link":"https:\/\/mhr.com.pt\/es\/product\/kirk\/","title":{"rendered":"Kirk."},"content":{"rendered":"<p>La l\u00e1mpara de pie Kirk combina estilo minimalista con sofisticaci\u00f3n, resultando en un dise\u00f1o atemporal.<\/p>\n<p>Presenta l\u00edneas finas y simplificadas que soportan un foco cil\u00edndrico, con ajuste de posici\u00f3n para proporcionar iluminaci\u00f3n focal donde se necesite.<\/p>\n<p>Esta l\u00e1mpara es la combinaci\u00f3n perfecta de forma y funci\u00f3n.<\/p>\n","protected":false},"excerpt":{"rendered":"<p>L\u00c1MPARA DE PIE<\/p>\n","protected":false},"featured_media":254497,"template":"","meta":{"_et_pb_use_builder":"","_et_pb_old_content":"","_et_gb_content_width":""},"product_brand":[],"product_cat":[647],"product_tag":[],"class_list":{"0":"post-254496","1":"product","2":"type-product","3":"status-publish","4":"has-post-thumbnail","6":"product_cat-iluminacion","8":"first","9":"instock","10":"shipping-taxable","11":"product-type-simple"},"_links":{"self":[{"href":"https:\/\/mhr.com.pt\/es\/wp-json\/wp\/v2\/product\/254496","targetHints":{"allow":["GET"]}}],"collection":[{"href":"https:\/\/mhr.com.pt\/es\/wp-json\/wp\/v2\/product"}],"about":[{"href":"https:\/\/mhr.com.pt\/es\/wp-json\/wp\/v2\/types\/product"}],"wp:featuredmedia":[{"embeddable":true,"href":"https:\/\/mhr.com.pt\/es\/wp-json\/wp\/v2\/media\/254497"}],"wp:attachment":[{"href":"https:\/\/mhr.com.pt\/es\/wp-json\/wp\/v2\/media?parent=254496"}],"wp:term":[{"taxonomy":"product_brand","embeddable":true,"href":"https:\/\/mhr.com.pt\/es\/wp-json\/wp\/v2\/product_brand?post=254496"},{"taxonomy":"product_cat","embeddable":true,"href":"https:\/\/mhr.com.pt\/es\/wp-json\/wp\/v2\/product_cat?post=254496"},{"taxonomy":"product_tag","embeddable":true,"href":"https:\/\/mhr.com.pt\/es\/wp-json\/wp\/v2\/product_tag?post=254496"}],"curies":[{"name":"wp","href":"https:\/\/api.w.org\/{rel}","templated":true}]}}