{"id":254499,"date":"2022-11-15T14:06:43","date_gmt":"2022-11-15T14:06:43","guid":{"rendered":"https:\/\/mhr.com.pt\/product\/moon\/"},"modified":"2022-11-15T14:06:43","modified_gmt":"2022-11-15T14:06:43","slug":"moon","status":"publish","type":"product","link":"https:\/\/mhr.com.pt\/es\/product\/moon\/","title":{"rendered":"Moon."},"content":{"rendered":"<p>La l\u00e1mpara de mesa Moon ofrece una luz difusa a trav\u00e9s de globos opalinos. Su estructura met\u00e1lica, con forma de dos medias lunas, \u201csostiene\u201d la luz de manera sutil, aportando personalidad a cualquier espacio.<\/p>\n<p>El metal como material principal aporta un dise\u00f1o elegante y lujoso a la pieza, convirti\u00e9ndola en un elemento destacado en cualquier habitaci\u00f3n.<\/p>\n","protected":false},"excerpt":{"rendered":"<p>L\u00c1MPARA DE MESA<\/p>\n","protected":false},"featured_media":254500,"template":"","meta":{"_et_pb_use_builder":"","_et_pb_old_content":"","_et_gb_content_width":""},"product_brand":[],"product_cat":[647],"product_tag":[],"class_list":{"0":"post-254499","1":"product","2":"type-product","3":"status-publish","4":"has-post-thumbnail","6":"product_cat-iluminacion","8":"first","9":"instock","10":"shipping-taxable","11":"product-type-simple"},"_links":{"self":[{"href":"https:\/\/mhr.com.pt\/es\/wp-json\/wp\/v2\/product\/254499","targetHints":{"allow":["GET"]}}],"collection":[{"href":"https:\/\/mhr.com.pt\/es\/wp-json\/wp\/v2\/product"}],"about":[{"href":"https:\/\/mhr.com.pt\/es\/wp-json\/wp\/v2\/types\/product"}],"wp:featuredmedia":[{"embeddable":true,"href":"https:\/\/mhr.com.pt\/es\/wp-json\/wp\/v2\/media\/254500"}],"wp:attachment":[{"href":"https:\/\/mhr.com.pt\/es\/wp-json\/wp\/v2\/media?parent=254499"}],"wp:term":[{"taxonomy":"product_brand","embeddable":true,"href":"https:\/\/mhr.com.pt\/es\/wp-json\/wp\/v2\/product_brand?post=254499"},{"taxonomy":"product_cat","embeddable":true,"href":"https:\/\/mhr.com.pt\/es\/wp-json\/wp\/v2\/product_cat?post=254499"},{"taxonomy":"product_tag","embeddable":true,"href":"https:\/\/mhr.com.pt\/es\/wp-json\/wp\/v2\/product_tag?post=254499"}],"curies":[{"name":"wp","href":"https:\/\/api.w.org\/{rel}","templated":true}]}}