{"id":254502,"date":"2022-11-15T14:07:27","date_gmt":"2022-11-15T14:07:27","guid":{"rendered":"https:\/\/mhr.com.pt\/product\/parson\/"},"modified":"2022-11-15T14:07:27","modified_gmt":"2022-11-15T14:07:27","slug":"parson","status":"publish","type":"product","link":"https:\/\/mhr.com.pt\/es\/product\/parson\/","title":{"rendered":"Parson."},"content":{"rendered":"<p>La l\u00e1mpara de mesa Parson presenta un estilo cl\u00e1sico moderno que ofrece gran versatilidad.<\/p>\n<p>Esta l\u00e1mpara permite a\u00f1adir tela, facilitando su combinaci\u00f3n con otros elementos de la habitaci\u00f3n y ampliando el abanico de acabados posibles.<\/p>\n<p>La caracter\u00edstica principal de esta l\u00e1mpara es su estructura de tela, que proporciona luz difusa a trav\u00e9s de los globos opalinos.<\/p>\n","protected":false},"excerpt":{"rendered":"<p>L\u00c1MPARA DE MESA<\/p>\n","protected":false},"featured_media":254503,"template":"","meta":{"_et_pb_use_builder":"","_et_pb_old_content":"","_et_gb_content_width":""},"product_brand":[],"product_cat":[647],"product_tag":[],"class_list":{"0":"post-254502","1":"product","2":"type-product","3":"status-publish","4":"has-post-thumbnail","6":"product_cat-iluminacion","8":"first","9":"instock","10":"shipping-taxable","11":"product-type-simple"},"_links":{"self":[{"href":"https:\/\/mhr.com.pt\/es\/wp-json\/wp\/v2\/product\/254502","targetHints":{"allow":["GET"]}}],"collection":[{"href":"https:\/\/mhr.com.pt\/es\/wp-json\/wp\/v2\/product"}],"about":[{"href":"https:\/\/mhr.com.pt\/es\/wp-json\/wp\/v2\/types\/product"}],"wp:featuredmedia":[{"embeddable":true,"href":"https:\/\/mhr.com.pt\/es\/wp-json\/wp\/v2\/media\/254503"}],"wp:attachment":[{"href":"https:\/\/mhr.com.pt\/es\/wp-json\/wp\/v2\/media?parent=254502"}],"wp:term":[{"taxonomy":"product_brand","embeddable":true,"href":"https:\/\/mhr.com.pt\/es\/wp-json\/wp\/v2\/product_brand?post=254502"},{"taxonomy":"product_cat","embeddable":true,"href":"https:\/\/mhr.com.pt\/es\/wp-json\/wp\/v2\/product_cat?post=254502"},{"taxonomy":"product_tag","embeddable":true,"href":"https:\/\/mhr.com.pt\/es\/wp-json\/wp\/v2\/product_tag?post=254502"}],"curies":[{"name":"wp","href":"https:\/\/api.w.org\/{rel}","templated":true}]}}