{"id":254508,"date":"2022-11-15T14:08:40","date_gmt":"2022-11-15T14:08:40","guid":{"rendered":"https:\/\/mhr.com.pt\/product\/vision\/"},"modified":"2022-11-15T14:08:40","modified_gmt":"2022-11-15T14:08:40","slug":"vision","status":"publish","type":"product","link":"https:\/\/mhr.com.pt\/es\/product\/vision\/","title":{"rendered":"Vision."},"content":{"rendered":"<p>La l\u00e1mpara de techo Vision es similar a la Eternal, pero presenta una base circular con cuatro l\u00e1mparas.<\/p>\n<p>Al igual que la Eternal, destaca por sus piezas de vidrio soplado a mano, con formas irregulares y burbujas superficiales caracter\u00edsticas, ofreciendo un dise\u00f1o atemporal y elegante que realza grandes espacios con su encanto \u00fanico y eterno.<\/p>\n","protected":false},"excerpt":{"rendered":"<p>L\u00c1MPARA DE TECHO<\/p>\n","protected":false},"featured_media":254509,"template":"","meta":{"_et_pb_use_builder":"","_et_pb_old_content":"","_et_gb_content_width":""},"product_brand":[],"product_cat":[647],"product_tag":[],"class_list":{"0":"post-254508","1":"product","2":"type-product","3":"status-publish","4":"has-post-thumbnail","6":"product_cat-iluminacion","8":"first","9":"instock","10":"shipping-taxable","11":"product-type-simple"},"_links":{"self":[{"href":"https:\/\/mhr.com.pt\/es\/wp-json\/wp\/v2\/product\/254508","targetHints":{"allow":["GET"]}}],"collection":[{"href":"https:\/\/mhr.com.pt\/es\/wp-json\/wp\/v2\/product"}],"about":[{"href":"https:\/\/mhr.com.pt\/es\/wp-json\/wp\/v2\/types\/product"}],"wp:featuredmedia":[{"embeddable":true,"href":"https:\/\/mhr.com.pt\/es\/wp-json\/wp\/v2\/media\/254509"}],"wp:attachment":[{"href":"https:\/\/mhr.com.pt\/es\/wp-json\/wp\/v2\/media?parent=254508"}],"wp:term":[{"taxonomy":"product_brand","embeddable":true,"href":"https:\/\/mhr.com.pt\/es\/wp-json\/wp\/v2\/product_brand?post=254508"},{"taxonomy":"product_cat","embeddable":true,"href":"https:\/\/mhr.com.pt\/es\/wp-json\/wp\/v2\/product_cat?post=254508"},{"taxonomy":"product_tag","embeddable":true,"href":"https:\/\/mhr.com.pt\/es\/wp-json\/wp\/v2\/product_tag?post=254508"}],"curies":[{"name":"wp","href":"https:\/\/api.w.org\/{rel}","templated":true}]}}