{"id":254515,"date":"2022-11-11T10:25:36","date_gmt":"2022-11-11T10:25:36","guid":{"rendered":"https:\/\/mhr.com.pt\/product\/kim\/"},"modified":"2022-11-11T10:25:36","modified_gmt":"2022-11-11T10:25:36","slug":"kim","status":"publish","type":"product","link":"https:\/\/mhr.com.pt\/es\/product\/kim\/","title":{"rendered":"Kim."},"content":{"rendered":"<p>El puf Kim aporta un elemento din\u00e1mico a cualquier espacio, aprovechando de manera eficiente el \u00e1rea disponible.<\/p>\n<p>Dise\u00f1ado para combinar perfectamente con la mesa Kim, ofrece versatilidad a trav\u00e9s de la combinaci\u00f3n de diferentes materiales y la opci\u00f3n de una base adicional, realzando su elegancia.<\/p>\n<p>Aunque fue creado para complementar la mesa Kim, tambi\u00e9n destaca como una pieza independiente, aportando su encanto \u00fanico a cualquier ambiente.<\/p>\n","protected":false},"excerpt":{"rendered":"<p>PUFS<\/p>\n","protected":false},"featured_media":254516,"template":"","meta":{"_et_pb_use_builder":"","_et_pb_old_content":"","_et_gb_content_width":""},"product_brand":[],"product_cat":[622],"product_tag":[],"class_list":{"0":"post-254515","1":"product","2":"type-product","3":"status-publish","4":"has-post-thumbnail","6":"product_cat-pufs-taburetes","8":"first","9":"instock","10":"shipping-taxable","11":"product-type-simple"},"_links":{"self":[{"href":"https:\/\/mhr.com.pt\/es\/wp-json\/wp\/v2\/product\/254515","targetHints":{"allow":["GET"]}}],"collection":[{"href":"https:\/\/mhr.com.pt\/es\/wp-json\/wp\/v2\/product"}],"about":[{"href":"https:\/\/mhr.com.pt\/es\/wp-json\/wp\/v2\/types\/product"}],"wp:featuredmedia":[{"embeddable":true,"href":"https:\/\/mhr.com.pt\/es\/wp-json\/wp\/v2\/media\/254516"}],"wp:attachment":[{"href":"https:\/\/mhr.com.pt\/es\/wp-json\/wp\/v2\/media?parent=254515"}],"wp:term":[{"taxonomy":"product_brand","embeddable":true,"href":"https:\/\/mhr.com.pt\/es\/wp-json\/wp\/v2\/product_brand?post=254515"},{"taxonomy":"product_cat","embeddable":true,"href":"https:\/\/mhr.com.pt\/es\/wp-json\/wp\/v2\/product_cat?post=254515"},{"taxonomy":"product_tag","embeddable":true,"href":"https:\/\/mhr.com.pt\/es\/wp-json\/wp\/v2\/product_tag?post=254515"}],"curies":[{"name":"wp","href":"https:\/\/api.w.org\/{rel}","templated":true}]}}