{"id":254518,"date":"2022-11-11T10:27:35","date_gmt":"2022-11-11T10:27:35","guid":{"rendered":"https:\/\/mhr.com.pt\/product\/m201\/"},"modified":"2022-11-11T10:27:35","modified_gmt":"2022-11-11T10:27:35","slug":"m201","status":"publish","type":"product","link":"https:\/\/mhr.com.pt\/es\/product\/m201\/","title":{"rendered":"M201."},"content":{"rendered":"<p>El puf M201 presenta una forma marcadamente irregular, acentuada por una l\u00ednea de contorno elegante.<\/p>\n<p>Esta caracter\u00edstica de dise\u00f1o \u00fanica destaca su asimetr\u00eda, convirti\u00e9ndolo en una pieza llamativa que puede agregar un toque art\u00edstico a cualquier habitaci\u00f3n.<\/p>\n","protected":false},"excerpt":{"rendered":"<p>PUFS<\/p>\n","protected":false},"featured_media":254519,"template":"","meta":{"_et_pb_use_builder":"","_et_pb_old_content":"","_et_gb_content_width":""},"product_brand":[],"product_cat":[622],"product_tag":[],"class_list":{"0":"post-254518","1":"product","2":"type-product","3":"status-publish","4":"has-post-thumbnail","6":"product_cat-pufs-taburetes","8":"first","9":"instock","10":"shipping-taxable","11":"product-type-simple"},"_links":{"self":[{"href":"https:\/\/mhr.com.pt\/es\/wp-json\/wp\/v2\/product\/254518","targetHints":{"allow":["GET"]}}],"collection":[{"href":"https:\/\/mhr.com.pt\/es\/wp-json\/wp\/v2\/product"}],"about":[{"href":"https:\/\/mhr.com.pt\/es\/wp-json\/wp\/v2\/types\/product"}],"wp:featuredmedia":[{"embeddable":true,"href":"https:\/\/mhr.com.pt\/es\/wp-json\/wp\/v2\/media\/254519"}],"wp:attachment":[{"href":"https:\/\/mhr.com.pt\/es\/wp-json\/wp\/v2\/media?parent=254518"}],"wp:term":[{"taxonomy":"product_brand","embeddable":true,"href":"https:\/\/mhr.com.pt\/es\/wp-json\/wp\/v2\/product_brand?post=254518"},{"taxonomy":"product_cat","embeddable":true,"href":"https:\/\/mhr.com.pt\/es\/wp-json\/wp\/v2\/product_cat?post=254518"},{"taxonomy":"product_tag","embeddable":true,"href":"https:\/\/mhr.com.pt\/es\/wp-json\/wp\/v2\/product_tag?post=254518"}],"curies":[{"name":"wp","href":"https:\/\/api.w.org\/{rel}","templated":true}]}}