{"id":254521,"date":"2022-11-11T10:30:38","date_gmt":"2022-11-11T10:30:38","guid":{"rendered":"https:\/\/mhr.com.pt\/product\/m202\/"},"modified":"2022-11-11T10:30:38","modified_gmt":"2022-11-11T10:30:38","slug":"m202","status":"publish","type":"product","link":"https:\/\/mhr.com.pt\/es\/product\/m202\/","title":{"rendered":"M202."},"content":{"rendered":"<p>El puf M202 rinde homenaje a las curvas de los barriles de vino con su forma redondeada y ovalada.<\/p>\n<p>Las asas pr\u00e1cticas complementan el dise\u00f1o, permitiendo una mezcla contrastante de materiales y una f\u00e1cil movilidad, convirti\u00e9ndolo en una adici\u00f3n funcional y elegante a cualquier espacio.<\/p>\n","protected":false},"excerpt":{"rendered":"<p>PUFS<\/p>\n","protected":false},"featured_media":254522,"template":"","meta":{"_et_pb_use_builder":"","_et_pb_old_content":"","_et_gb_content_width":""},"product_brand":[],"product_cat":[622],"product_tag":[],"class_list":{"0":"post-254521","1":"product","2":"type-product","3":"status-publish","4":"has-post-thumbnail","6":"product_cat-pufs-taburetes","8":"first","9":"instock","10":"shipping-taxable","11":"product-type-simple"},"_links":{"self":[{"href":"https:\/\/mhr.com.pt\/es\/wp-json\/wp\/v2\/product\/254521","targetHints":{"allow":["GET"]}}],"collection":[{"href":"https:\/\/mhr.com.pt\/es\/wp-json\/wp\/v2\/product"}],"about":[{"href":"https:\/\/mhr.com.pt\/es\/wp-json\/wp\/v2\/types\/product"}],"wp:featuredmedia":[{"embeddable":true,"href":"https:\/\/mhr.com.pt\/es\/wp-json\/wp\/v2\/media\/254522"}],"wp:attachment":[{"href":"https:\/\/mhr.com.pt\/es\/wp-json\/wp\/v2\/media?parent=254521"}],"wp:term":[{"taxonomy":"product_brand","embeddable":true,"href":"https:\/\/mhr.com.pt\/es\/wp-json\/wp\/v2\/product_brand?post=254521"},{"taxonomy":"product_cat","embeddable":true,"href":"https:\/\/mhr.com.pt\/es\/wp-json\/wp\/v2\/product_cat?post=254521"},{"taxonomy":"product_tag","embeddable":true,"href":"https:\/\/mhr.com.pt\/es\/wp-json\/wp\/v2\/product_tag?post=254521"}],"curies":[{"name":"wp","href":"https:\/\/api.w.org\/{rel}","templated":true}]}}