{"id":254527,"date":"2022-11-11T10:34:07","date_gmt":"2022-11-11T10:34:07","guid":{"rendered":"https:\/\/mhr.com.pt\/product\/m204\/"},"modified":"2022-11-11T10:34:07","modified_gmt":"2022-11-11T10:34:07","slug":"m204","status":"publish","type":"product","link":"https:\/\/mhr.com.pt\/es\/product\/m204\/","title":{"rendered":"M204."},"content":{"rendered":"<p>El puf M204, inspirado en la silueta de las monta\u00f1as, presenta un dise\u00f1o redondeado que aporta una est\u00e9tica natural y serena a los espacios peque\u00f1os.<\/p>\n<p>Es una pieza pr\u00e1ctica, perfecta para proporcionar apoyo adicional en \u00e1reas compactas.<\/p>\n","protected":false},"excerpt":{"rendered":"<p>PUFS<\/p>\n","protected":false},"featured_media":254528,"template":"","meta":{"_et_pb_use_builder":"","_et_pb_old_content":"","_et_gb_content_width":""},"product_brand":[],"product_cat":[622],"product_tag":[],"class_list":{"0":"post-254527","1":"product","2":"type-product","3":"status-publish","4":"has-post-thumbnail","6":"product_cat-pufs-taburetes","8":"first","9":"instock","10":"shipping-taxable","11":"product-type-simple"},"_links":{"self":[{"href":"https:\/\/mhr.com.pt\/es\/wp-json\/wp\/v2\/product\/254527","targetHints":{"allow":["GET"]}}],"collection":[{"href":"https:\/\/mhr.com.pt\/es\/wp-json\/wp\/v2\/product"}],"about":[{"href":"https:\/\/mhr.com.pt\/es\/wp-json\/wp\/v2\/types\/product"}],"wp:featuredmedia":[{"embeddable":true,"href":"https:\/\/mhr.com.pt\/es\/wp-json\/wp\/v2\/media\/254528"}],"wp:attachment":[{"href":"https:\/\/mhr.com.pt\/es\/wp-json\/wp\/v2\/media?parent=254527"}],"wp:term":[{"taxonomy":"product_brand","embeddable":true,"href":"https:\/\/mhr.com.pt\/es\/wp-json\/wp\/v2\/product_brand?post=254527"},{"taxonomy":"product_cat","embeddable":true,"href":"https:\/\/mhr.com.pt\/es\/wp-json\/wp\/v2\/product_cat?post=254527"},{"taxonomy":"product_tag","embeddable":true,"href":"https:\/\/mhr.com.pt\/es\/wp-json\/wp\/v2\/product_tag?post=254527"}],"curies":[{"name":"wp","href":"https:\/\/api.w.org\/{rel}","templated":true}]}}