{"id":254539,"date":"2022-11-11T10:45:27","date_gmt":"2022-11-11T10:45:27","guid":{"rendered":"https:\/\/mhr.com.pt\/product\/liliann\/"},"modified":"2022-11-11T10:45:27","modified_gmt":"2022-11-11T10:45:27","slug":"liliann","status":"publish","type":"product","link":"https:\/\/mhr.com.pt\/es\/product\/liliann\/","title":{"rendered":"Liliann."},"content":{"rendered":"<p>El taburete Liliann encuentra el equilibrio perfecto entre todos los materiales, ofreciendo una funci\u00f3n \u00fanica para cada uno de ellos.<\/p>\n<p>Este taburete es ideal para un lugar estrat\u00e9gico donde su secci\u00f3n de madera puede utilizarse como una mesa integrada en el tapizado, mientras que la zona acolchada proporciona una opci\u00f3n de asiento c\u00f3moda.<\/p>\n<p>La fusi\u00f3n de los diferentes elementos en Liliann lo convierte en una pieza vers\u00e1til que se adapta perfectamente a varios entornos, combinando funcionalidad con estilo.<\/p>\n","protected":false},"excerpt":{"rendered":"<p>TABURETE<\/p>\n","protected":false},"featured_media":254540,"template":"","meta":{"_et_pb_use_builder":"","_et_pb_old_content":"","_et_gb_content_width":""},"product_brand":[],"product_cat":[648,622],"product_tag":[],"class_list":{"0":"post-254539","1":"product","2":"type-product","3":"status-publish","4":"has-post-thumbnail","6":"product_cat-olivia-accesorios","7":"product_cat-pufs-taburetes","9":"first","10":"instock","11":"shipping-taxable","12":"product-type-simple"},"_links":{"self":[{"href":"https:\/\/mhr.com.pt\/es\/wp-json\/wp\/v2\/product\/254539","targetHints":{"allow":["GET"]}}],"collection":[{"href":"https:\/\/mhr.com.pt\/es\/wp-json\/wp\/v2\/product"}],"about":[{"href":"https:\/\/mhr.com.pt\/es\/wp-json\/wp\/v2\/types\/product"}],"wp:featuredmedia":[{"embeddable":true,"href":"https:\/\/mhr.com.pt\/es\/wp-json\/wp\/v2\/media\/254540"}],"wp:attachment":[{"href":"https:\/\/mhr.com.pt\/es\/wp-json\/wp\/v2\/media?parent=254539"}],"wp:term":[{"taxonomy":"product_brand","embeddable":true,"href":"https:\/\/mhr.com.pt\/es\/wp-json\/wp\/v2\/product_brand?post=254539"},{"taxonomy":"product_cat","embeddable":true,"href":"https:\/\/mhr.com.pt\/es\/wp-json\/wp\/v2\/product_cat?post=254539"},{"taxonomy":"product_tag","embeddable":true,"href":"https:\/\/mhr.com.pt\/es\/wp-json\/wp\/v2\/product_tag?post=254539"}],"curies":[{"name":"wp","href":"https:\/\/api.w.org\/{rel}","templated":true}]}}