{"id":254547,"date":"2025-03-19T16:53:58","date_gmt":"2025-03-19T16:53:58","guid":{"rendered":"https:\/\/mhr.com.pt\/product\/edge\/"},"modified":"2025-03-19T16:53:58","modified_gmt":"2025-03-19T16:53:58","slug":"edge","status":"publish","type":"product","link":"https:\/\/mhr.com.pt\/es\/product\/edge\/","title":{"rendered":"Edge."},"content":{"rendered":"<p>La mesa de apoyo Edge es una pieza port\u00e1til y adaptable que se ajusta perfectamente a cualquier espacio.<\/p>\n<p>Ideal para un caf\u00e9 y un libro, su dise\u00f1o rompe la robustez de la mesa con un corte \u00fanico. Su presencia s\u00f3lida la hace perfecta para acompa\u00f1ar piezas m\u00e1s grandes, equilibrando la decoraci\u00f3n de la sala.<\/p>\n","protected":false},"excerpt":{"rendered":"<p>MESA DE APOYO<\/p>\n","protected":false},"featured_media":254551,"template":"","meta":{"_et_pb_use_builder":"","_et_pb_old_content":"","_et_gb_content_width":""},"product_brand":[],"product_cat":[649],"product_tag":[],"class_list":{"0":"post-254547","1":"product","2":"type-product","3":"status-publish","4":"has-post-thumbnail","6":"product_cat-mesas-de-centro-apoyo","8":"first","9":"instock","10":"shipping-taxable","11":"product-type-simple"},"_links":{"self":[{"href":"https:\/\/mhr.com.pt\/es\/wp-json\/wp\/v2\/product\/254547","targetHints":{"allow":["GET"]}}],"collection":[{"href":"https:\/\/mhr.com.pt\/es\/wp-json\/wp\/v2\/product"}],"about":[{"href":"https:\/\/mhr.com.pt\/es\/wp-json\/wp\/v2\/types\/product"}],"wp:featuredmedia":[{"embeddable":true,"href":"https:\/\/mhr.com.pt\/es\/wp-json\/wp\/v2\/media\/254551"}],"wp:attachment":[{"href":"https:\/\/mhr.com.pt\/es\/wp-json\/wp\/v2\/media?parent=254547"}],"wp:term":[{"taxonomy":"product_brand","embeddable":true,"href":"https:\/\/mhr.com.pt\/es\/wp-json\/wp\/v2\/product_brand?post=254547"},{"taxonomy":"product_cat","embeddable":true,"href":"https:\/\/mhr.com.pt\/es\/wp-json\/wp\/v2\/product_cat?post=254547"},{"taxonomy":"product_tag","embeddable":true,"href":"https:\/\/mhr.com.pt\/es\/wp-json\/wp\/v2\/product_tag?post=254547"}],"curies":[{"name":"wp","href":"https:\/\/api.w.org\/{rel}","templated":true}]}}