{"id":254557,"date":"2022-11-07T16:50:18","date_gmt":"2022-11-07T16:50:18","guid":{"rendered":"https:\/\/mhr.com.pt\/product\/isis\/"},"modified":"2022-11-07T16:50:18","modified_gmt":"2022-11-07T16:50:18","slug":"isis","status":"publish","type":"product","link":"https:\/\/mhr.com.pt\/es\/product\/isis\/","title":{"rendered":"\u00cdsis."},"content":{"rendered":"<p>La mesa de apoyo \u00cdsis es ideal para disfrutar de un momento de relaxaci\u00f3n en el sof\u00e1, creando un lugar perfecto ya que su dise\u00f1o permite que la parte superior repose completamente sobre el asiento.<\/p>\n<p>Esta caracter\u00edstica la convierte en una excelente compa\u00f1\u00eda para momentos de ocio.<\/p>\n","protected":false},"excerpt":{"rendered":"<p>MESA DE APOYO<\/p>\n","protected":false},"featured_media":254558,"template":"","meta":{"_et_pb_use_builder":"","_et_pb_old_content":"","_et_gb_content_width":""},"product_brand":[],"product_cat":[649],"product_tag":[],"class_list":{"0":"post-254557","1":"product","2":"type-product","3":"status-publish","4":"has-post-thumbnail","6":"product_cat-mesas-de-centro-apoyo","8":"first","9":"instock","10":"shipping-taxable","11":"product-type-simple"},"_links":{"self":[{"href":"https:\/\/mhr.com.pt\/es\/wp-json\/wp\/v2\/product\/254557","targetHints":{"allow":["GET"]}}],"collection":[{"href":"https:\/\/mhr.com.pt\/es\/wp-json\/wp\/v2\/product"}],"about":[{"href":"https:\/\/mhr.com.pt\/es\/wp-json\/wp\/v2\/types\/product"}],"wp:featuredmedia":[{"embeddable":true,"href":"https:\/\/mhr.com.pt\/es\/wp-json\/wp\/v2\/media\/254558"}],"wp:attachment":[{"href":"https:\/\/mhr.com.pt\/es\/wp-json\/wp\/v2\/media?parent=254557"}],"wp:term":[{"taxonomy":"product_brand","embeddable":true,"href":"https:\/\/mhr.com.pt\/es\/wp-json\/wp\/v2\/product_brand?post=254557"},{"taxonomy":"product_cat","embeddable":true,"href":"https:\/\/mhr.com.pt\/es\/wp-json\/wp\/v2\/product_cat?post=254557"},{"taxonomy":"product_tag","embeddable":true,"href":"https:\/\/mhr.com.pt\/es\/wp-json\/wp\/v2\/product_tag?post=254557"}],"curies":[{"name":"wp","href":"https:\/\/api.w.org\/{rel}","templated":true}]}}