{"id":254560,"date":"2022-11-07T16:52:57","date_gmt":"2022-11-07T16:52:57","guid":{"rendered":"https:\/\/mhr.com.pt\/product\/lotus\/"},"modified":"2022-11-07T16:52:57","modified_gmt":"2022-11-07T16:52:57","slug":"lotus","status":"publish","type":"product","link":"https:\/\/mhr.com.pt\/es\/product\/lotus\/","title":{"rendered":"Lotus."},"content":{"rendered":"<p>La mesa de apoyo Lotus desprende elegancia con sus finos aros met\u00e1licos que sostienen una tapa de vidrio.<\/p>\n<p>El dise\u00f1o ofrece un perfil limpio y elegante que a\u00f1ade sofisticaci\u00f3n a cualquier ambiente sin sobrecargarlo.<\/p>\n","protected":false},"excerpt":{"rendered":"<p>MESA DE APOYO<\/p>\n","protected":false},"featured_media":254561,"template":"","meta":{"_et_pb_use_builder":"","_et_pb_old_content":"","_et_gb_content_width":""},"product_brand":[],"product_cat":[649],"product_tag":[],"class_list":{"0":"post-254560","1":"product","2":"type-product","3":"status-publish","4":"has-post-thumbnail","6":"product_cat-mesas-de-centro-apoyo","8":"first","9":"instock","10":"shipping-taxable","11":"product-type-simple"},"_links":{"self":[{"href":"https:\/\/mhr.com.pt\/es\/wp-json\/wp\/v2\/product\/254560","targetHints":{"allow":["GET"]}}],"collection":[{"href":"https:\/\/mhr.com.pt\/es\/wp-json\/wp\/v2\/product"}],"about":[{"href":"https:\/\/mhr.com.pt\/es\/wp-json\/wp\/v2\/types\/product"}],"wp:featuredmedia":[{"embeddable":true,"href":"https:\/\/mhr.com.pt\/es\/wp-json\/wp\/v2\/media\/254561"}],"wp:attachment":[{"href":"https:\/\/mhr.com.pt\/es\/wp-json\/wp\/v2\/media?parent=254560"}],"wp:term":[{"taxonomy":"product_brand","embeddable":true,"href":"https:\/\/mhr.com.pt\/es\/wp-json\/wp\/v2\/product_brand?post=254560"},{"taxonomy":"product_cat","embeddable":true,"href":"https:\/\/mhr.com.pt\/es\/wp-json\/wp\/v2\/product_cat?post=254560"},{"taxonomy":"product_tag","embeddable":true,"href":"https:\/\/mhr.com.pt\/es\/wp-json\/wp\/v2\/product_tag?post=254560"}],"curies":[{"name":"wp","href":"https:\/\/api.w.org\/{rel}","templated":true}]}}