{"id":254563,"date":"2021-02-26T15:38:40","date_gmt":"2021-02-26T15:38:40","guid":{"rendered":"https:\/\/mhr.com.pt\/product\/naomi-3\/"},"modified":"2021-02-26T15:38:40","modified_gmt":"2021-02-26T15:38:40","slug":"naomi-3","status":"publish","type":"product","link":"https:\/\/mhr.com.pt\/es\/product\/naomi-3\/","title":{"rendered":"Naomi."},"content":{"rendered":"<p>La mesa de apoyo Naomi encanta por su forma irregular, simplicidad y elegancia.<\/p>\n<p>Su dise\u00f1o \u00fanico le permite adaptarse f\u00e1cilmente a cualquier ambiente, convirti\u00e9ndola en una adici\u00f3n vers\u00e1til para su hogar.<\/p>\n","protected":false},"excerpt":{"rendered":"<p>MESA DE APOYO<\/p>\n","protected":false},"featured_media":254564,"template":"","meta":{"_et_pb_use_builder":"","_et_pb_old_content":"","_et_gb_content_width":""},"product_brand":[],"product_cat":[649,648],"product_tag":[],"class_list":{"0":"post-254563","1":"product","2":"type-product","3":"status-publish","4":"has-post-thumbnail","6":"product_cat-mesas-de-centro-apoyo","7":"product_cat-olivia-accesorios","9":"first","10":"instock","11":"virtual","12":"product-type-simple"},"_links":{"self":[{"href":"https:\/\/mhr.com.pt\/es\/wp-json\/wp\/v2\/product\/254563","targetHints":{"allow":["GET"]}}],"collection":[{"href":"https:\/\/mhr.com.pt\/es\/wp-json\/wp\/v2\/product"}],"about":[{"href":"https:\/\/mhr.com.pt\/es\/wp-json\/wp\/v2\/types\/product"}],"wp:featuredmedia":[{"embeddable":true,"href":"https:\/\/mhr.com.pt\/es\/wp-json\/wp\/v2\/media\/254564"}],"wp:attachment":[{"href":"https:\/\/mhr.com.pt\/es\/wp-json\/wp\/v2\/media?parent=254563"}],"wp:term":[{"taxonomy":"product_brand","embeddable":true,"href":"https:\/\/mhr.com.pt\/es\/wp-json\/wp\/v2\/product_brand?post=254563"},{"taxonomy":"product_cat","embeddable":true,"href":"https:\/\/mhr.com.pt\/es\/wp-json\/wp\/v2\/product_cat?post=254563"},{"taxonomy":"product_tag","embeddable":true,"href":"https:\/\/mhr.com.pt\/es\/wp-json\/wp\/v2\/product_tag?post=254563"}],"curies":[{"name":"wp","href":"https:\/\/api.w.org\/{rel}","templated":true}]}}