{"id":254572,"date":"2022-11-07T16:57:35","date_gmt":"2022-11-07T16:57:35","guid":{"rendered":"https:\/\/mhr.com.pt\/product\/top\/"},"modified":"2022-11-07T16:57:35","modified_gmt":"2022-11-07T16:57:35","slug":"top","status":"publish","type":"product","link":"https:\/\/mhr.com.pt\/es\/product\/top\/","title":{"rendered":"Top."},"content":{"rendered":"<p>Como su nombre indica, la mesa de apoyo Top est\u00e1 dise\u00f1ada para superponerse a otras piezas, como pufs, sin perder su funcionalidad.<\/p>\n<p>Disponible en dos tama\u00f1os, su estructura met\u00e1lica delgada y su elegante tablero de vidrio permiten resaltar el elemento que est\u00e1 debajo sin chocar visualmente.<\/p>\n","protected":false},"excerpt":{"rendered":"<p>MESAS DE APOYO<\/p>\n","protected":false},"featured_media":254573,"template":"","meta":{"_et_pb_use_builder":"","_et_pb_old_content":"","_et_gb_content_width":""},"product_brand":[],"product_cat":[649,648],"product_tag":[],"class_list":{"0":"post-254572","1":"product","2":"type-product","3":"status-publish","4":"has-post-thumbnail","6":"product_cat-mesas-de-centro-apoyo","7":"product_cat-olivia-accesorios","9":"first","10":"instock","11":"shipping-taxable","12":"product-type-simple"},"_links":{"self":[{"href":"https:\/\/mhr.com.pt\/es\/wp-json\/wp\/v2\/product\/254572","targetHints":{"allow":["GET"]}}],"collection":[{"href":"https:\/\/mhr.com.pt\/es\/wp-json\/wp\/v2\/product"}],"about":[{"href":"https:\/\/mhr.com.pt\/es\/wp-json\/wp\/v2\/types\/product"}],"wp:featuredmedia":[{"embeddable":true,"href":"https:\/\/mhr.com.pt\/es\/wp-json\/wp\/v2\/media\/254573"}],"wp:attachment":[{"href":"https:\/\/mhr.com.pt\/es\/wp-json\/wp\/v2\/media?parent=254572"}],"wp:term":[{"taxonomy":"product_brand","embeddable":true,"href":"https:\/\/mhr.com.pt\/es\/wp-json\/wp\/v2\/product_brand?post=254572"},{"taxonomy":"product_cat","embeddable":true,"href":"https:\/\/mhr.com.pt\/es\/wp-json\/wp\/v2\/product_cat?post=254572"},{"taxonomy":"product_tag","embeddable":true,"href":"https:\/\/mhr.com.pt\/es\/wp-json\/wp\/v2\/product_tag?post=254572"}],"curies":[{"name":"wp","href":"https:\/\/api.w.org\/{rel}","templated":true}]}}