{"id":254575,"date":"2025-03-20T10:59:48","date_gmt":"2025-03-20T10:59:48","guid":{"rendered":"https:\/\/mhr.com.pt\/product\/ully\/"},"modified":"2025-03-20T10:59:48","modified_gmt":"2025-03-20T10:59:48","slug":"ully","status":"publish","type":"product","link":"https:\/\/mhr.com.pt\/es\/product\/ully\/","title":{"rendered":"Ully."},"content":{"rendered":"<p>La mesa de apoyo Ully, fabricada en acr\u00edlico, es sutil y delicada, con la capacidad \u00fanica de pasar desapercibida o llamar la atenci\u00f3n.<\/p>\n<p>Su dise\u00f1o transparente proporciona versatilidad, adapt\u00e1ndose sin esfuerzo a distintos estilos de decoraci\u00f3n y espacios.<\/p>\n","protected":false},"excerpt":{"rendered":"<p>MESA DE APOYO<\/p>\n","protected":false},"featured_media":254576,"template":"","meta":{"_et_pb_use_builder":"","_et_pb_old_content":"","_et_gb_content_width":""},"product_brand":[],"product_cat":[649],"product_tag":[],"class_list":{"0":"post-254575","1":"product","2":"type-product","3":"status-publish","4":"has-post-thumbnail","6":"product_cat-mesas-de-centro-apoyo","8":"first","9":"instock","10":"shipping-taxable","11":"product-type-simple"},"_links":{"self":[{"href":"https:\/\/mhr.com.pt\/es\/wp-json\/wp\/v2\/product\/254575","targetHints":{"allow":["GET"]}}],"collection":[{"href":"https:\/\/mhr.com.pt\/es\/wp-json\/wp\/v2\/product"}],"about":[{"href":"https:\/\/mhr.com.pt\/es\/wp-json\/wp\/v2\/types\/product"}],"wp:featuredmedia":[{"embeddable":true,"href":"https:\/\/mhr.com.pt\/es\/wp-json\/wp\/v2\/media\/254576"}],"wp:attachment":[{"href":"https:\/\/mhr.com.pt\/es\/wp-json\/wp\/v2\/media?parent=254575"}],"wp:term":[{"taxonomy":"product_brand","embeddable":true,"href":"https:\/\/mhr.com.pt\/es\/wp-json\/wp\/v2\/product_brand?post=254575"},{"taxonomy":"product_cat","embeddable":true,"href":"https:\/\/mhr.com.pt\/es\/wp-json\/wp\/v2\/product_cat?post=254575"},{"taxonomy":"product_tag","embeddable":true,"href":"https:\/\/mhr.com.pt\/es\/wp-json\/wp\/v2\/product_tag?post=254575"}],"curies":[{"name":"wp","href":"https:\/\/api.w.org\/{rel}","templated":true}]}}