{"id":254577,"date":"2025-03-19T17:52:03","date_gmt":"2025-03-19T17:52:03","guid":{"rendered":"https:\/\/mhr.com.pt\/product\/adams-7\/"},"modified":"2025-03-19T17:52:03","modified_gmt":"2025-03-19T17:52:03","slug":"adams-7","status":"publish","type":"product","link":"https:\/\/mhr.com.pt\/es\/product\/adams-7\/","title":{"rendered":"Adams."},"content":{"rendered":"<p>La mesa de centro Adams es una pieza redonda con una estructura s\u00f3lida y robusta. A primera vista, su dise\u00f1o minimalista oculta un tablero resistente.<\/p>\n<p>La base de la mesa est\u00e1 compuesta por dos mitades: una de acr\u00edlico, creando un efecto visual de desequilibrio, mientras que la otra es una media luna robusta y acanalada que visualmente parece ser el \u00fanico soporte de la mesa. Este ingenioso dise\u00f1o le da a Adams una presencia \u00fanica y llamativa en cualquier sal\u00f3n.<\/p>\n","protected":false},"excerpt":{"rendered":"<p>MESA DE CENTRO<\/p>\n","protected":false},"featured_media":254548,"template":"","meta":{"_et_pb_use_builder":"","_et_pb_old_content":"","_et_gb_content_width":""},"product_brand":[],"product_cat":[649],"product_tag":[],"class_list":{"0":"post-254577","1":"product","2":"type-product","3":"status-publish","4":"has-post-thumbnail","6":"product_cat-mesas-de-centro-apoyo","8":"first","9":"instock","10":"shipping-taxable","11":"product-type-simple"},"_links":{"self":[{"href":"https:\/\/mhr.com.pt\/es\/wp-json\/wp\/v2\/product\/254577","targetHints":{"allow":["GET"]}}],"collection":[{"href":"https:\/\/mhr.com.pt\/es\/wp-json\/wp\/v2\/product"}],"about":[{"href":"https:\/\/mhr.com.pt\/es\/wp-json\/wp\/v2\/types\/product"}],"wp:featuredmedia":[{"embeddable":true,"href":"https:\/\/mhr.com.pt\/es\/wp-json\/wp\/v2\/media\/254548"}],"wp:attachment":[{"href":"https:\/\/mhr.com.pt\/es\/wp-json\/wp\/v2\/media?parent=254577"}],"wp:term":[{"taxonomy":"product_brand","embeddable":true,"href":"https:\/\/mhr.com.pt\/es\/wp-json\/wp\/v2\/product_brand?post=254577"},{"taxonomy":"product_cat","embeddable":true,"href":"https:\/\/mhr.com.pt\/es\/wp-json\/wp\/v2\/product_cat?post=254577"},{"taxonomy":"product_tag","embeddable":true,"href":"https:\/\/mhr.com.pt\/es\/wp-json\/wp\/v2\/product_tag?post=254577"}],"curies":[{"name":"wp","href":"https:\/\/api.w.org\/{rel}","templated":true}]}}