{"id":254579,"date":"2025-03-19T17:55:02","date_gmt":"2025-03-19T17:55:02","guid":{"rendered":"https:\/\/mhr.com.pt\/product\/angie\/"},"modified":"2025-03-19T17:55:02","modified_gmt":"2025-03-19T17:55:02","slug":"angie","status":"publish","type":"product","link":"https:\/\/mhr.com.pt\/es\/product\/angie\/","title":{"rendered":"Angie."},"content":{"rendered":"<p>La mesa de centro Angie, con patas de acr\u00edlico que crean un efecto suspendido, ofrece varias opciones de ancho y altura para adaptarse a una variedad de ambientes. Esta pieza puede servir como el centro perfecto para un \u00e1rea de ocio o como mesa lateral junto a un sof\u00e1 o sill\u00f3n.<\/p>\n<p>El dise\u00f1o de la mesa permite combinaciones vers\u00e1tiles, mezclando diferentes materiales de forma armoniosa. El tapizado proporciona un confort inigualable, mientras que la superficie de madera integrada a\u00f1ade funcionalidad pr\u00e1ctica.<\/p>\n","protected":false},"excerpt":{"rendered":"<p>MESAS DE CENTRO<\/p>\n","protected":false},"featured_media":254549,"template":"","meta":{"_et_pb_use_builder":"","_et_pb_old_content":"","_et_gb_content_width":""},"product_brand":[],"product_cat":[649],"product_tag":[],"class_list":{"0":"post-254579","1":"product","2":"type-product","3":"status-publish","4":"has-post-thumbnail","6":"product_cat-mesas-de-centro-apoyo","8":"first","9":"instock","10":"shipping-taxable","11":"product-type-simple"},"_links":{"self":[{"href":"https:\/\/mhr.com.pt\/es\/wp-json\/wp\/v2\/product\/254579","targetHints":{"allow":["GET"]}}],"collection":[{"href":"https:\/\/mhr.com.pt\/es\/wp-json\/wp\/v2\/product"}],"about":[{"href":"https:\/\/mhr.com.pt\/es\/wp-json\/wp\/v2\/types\/product"}],"wp:featuredmedia":[{"embeddable":true,"href":"https:\/\/mhr.com.pt\/es\/wp-json\/wp\/v2\/media\/254549"}],"wp:attachment":[{"href":"https:\/\/mhr.com.pt\/es\/wp-json\/wp\/v2\/media?parent=254579"}],"wp:term":[{"taxonomy":"product_brand","embeddable":true,"href":"https:\/\/mhr.com.pt\/es\/wp-json\/wp\/v2\/product_brand?post=254579"},{"taxonomy":"product_cat","embeddable":true,"href":"https:\/\/mhr.com.pt\/es\/wp-json\/wp\/v2\/product_cat?post=254579"},{"taxonomy":"product_tag","embeddable":true,"href":"https:\/\/mhr.com.pt\/es\/wp-json\/wp\/v2\/product_tag?post=254579"}],"curies":[{"name":"wp","href":"https:\/\/api.w.org\/{rel}","templated":true}]}}