{"id":254582,"date":"2022-11-07T17:04:51","date_gmt":"2022-11-07T17:04:51","guid":{"rendered":"https:\/\/mhr.com.pt\/product\/campbell\/"},"modified":"2022-11-07T17:04:51","modified_gmt":"2022-11-07T17:04:51","slug":"campbell","status":"publish","type":"product","link":"https:\/\/mhr.com.pt\/es\/product\/campbell\/","title":{"rendered":"Campbell."},"content":{"rendered":"<p>La mesa de centro Campbell combina simplicidad con elegancia, destac\u00e1ndose por su tama\u00f1o imponente.<\/p>\n<p>Esta pieza sirve como una declaraci\u00f3n audaz en cualquier espacio de convivencia, mezcl\u00e1ndose f\u00e1cilmente tanto con interiores modernos como cl\u00e1sicos, ofreciendo una presencia s\u00f3lida que ancla la estancia.<\/p>\n","protected":false},"excerpt":{"rendered":"<p>MESA DE CENTRO<\/p>\n","protected":false},"featured_media":254584,"template":"","meta":{"_et_pb_use_builder":"","_et_pb_old_content":"","_et_gb_content_width":""},"product_brand":[],"product_cat":[649],"product_tag":[],"class_list":{"0":"post-254582","1":"product","2":"type-product","3":"status-publish","4":"has-post-thumbnail","6":"product_cat-mesas-de-centro-apoyo","8":"first","9":"instock","10":"shipping-taxable","11":"product-type-simple"},"_links":{"self":[{"href":"https:\/\/mhr.com.pt\/es\/wp-json\/wp\/v2\/product\/254582","targetHints":{"allow":["GET"]}}],"collection":[{"href":"https:\/\/mhr.com.pt\/es\/wp-json\/wp\/v2\/product"}],"about":[{"href":"https:\/\/mhr.com.pt\/es\/wp-json\/wp\/v2\/types\/product"}],"wp:featuredmedia":[{"embeddable":true,"href":"https:\/\/mhr.com.pt\/es\/wp-json\/wp\/v2\/media\/254584"}],"wp:attachment":[{"href":"https:\/\/mhr.com.pt\/es\/wp-json\/wp\/v2\/media?parent=254582"}],"wp:term":[{"taxonomy":"product_brand","embeddable":true,"href":"https:\/\/mhr.com.pt\/es\/wp-json\/wp\/v2\/product_brand?post=254582"},{"taxonomy":"product_cat","embeddable":true,"href":"https:\/\/mhr.com.pt\/es\/wp-json\/wp\/v2\/product_cat?post=254582"},{"taxonomy":"product_tag","embeddable":true,"href":"https:\/\/mhr.com.pt\/es\/wp-json\/wp\/v2\/product_tag?post=254582"}],"curies":[{"name":"wp","href":"https:\/\/api.w.org\/{rel}","templated":true}]}}